{"id":5375,"date":"2025-06-20T13:44:09","date_gmt":"2025-06-20T13:44:09","guid":{"rendered":"https:\/\/new.nilex.se\/nyheter-events\/"},"modified":"2026-02-03T15:53:44","modified_gmt":"2026-02-03T15:53:44","slug":"news-events","status":"publish","type":"page","link":"https:\/\/nilex.se\/en\/news-events\/","title":{"rendered":"News &amp; Events"},"content":{"rendered":"\t\t<div data-elementor-type=\"wp-page\" data-elementor-id=\"5375\" class=\"elementor elementor-5375 elementor-97\" data-elementor-post-type=\"page\">\n\t\t\t\t<div class=\"elementor-element elementor-element-b0ad880 e-con-full e-flex elementor-invisible e-con e-parent\" data-id=\"b0ad880\" data-element_type=\"container\" data-settings=\"{&quot;background_background&quot;:&quot;classic&quot;,&quot;animation&quot;:&quot;fadeIn&quot;}\">\n\t\t<div class=\"elementor-element elementor-element-2e3d68b e-con-full e-flex e-con e-child\" data-id=\"2e3d68b\" data-element_type=\"container\" data-settings=\"{&quot;background_background&quot;:&quot;classic&quot;}\">\n\t\t\t\t<div class=\"elementor-element elementor-element-92e3c21 elementor-widget elementor-widget-breadcrumbs\" data-id=\"92e3c21\" data-element_type=\"widget\" data-widget_type=\"breadcrumbs.default\">\n\t\t\t\t<div class=\"elementor-widget-container\">\n\t\t\t\t\t<p id=\"breadcrumbs\"><span><span><a href=\"https:\/\/nilex.se\/en\/\">Hem<\/a><\/span><\/span><\/p>\t\t\t\t<\/div>\n\t\t\t\t<\/div>\n\t\t\t\t<div class=\"elementor-element elementor-element-f73d6e9 elementor-widget-divider--view-line elementor-widget elementor-widget-divider\" data-id=\"f73d6e9\" data-element_type=\"widget\" data-widget_type=\"divider.default\">\n\t\t\t\t<div class=\"elementor-widget-container\">\n\t\t\t\t\t\t\t<div class=\"elementor-divider\">\n\t\t\t<span class=\"elementor-divider-separator\">\n\t\t\t\t\t\t<\/span>\n\t\t<\/div>\n\t\t\t\t\t\t<\/div>\n\t\t\t\t<\/div>\n\t\t<div class=\"elementor-element elementor-element-df29537 e-con-full e-flex e-con e-child\" data-id=\"df29537\" data-element_type=\"container\">\n\t\t<div class=\"elementor-element elementor-element-a55fa31 e-con-full e-flex e-con e-child\" data-id=\"a55fa31\" data-element_type=\"container\">\n\t\t\t\t<div class=\"elementor-element elementor-element-aad7e1a elementor-widget elementor-widget-heading\" data-id=\"aad7e1a\" data-element_type=\"widget\" data-widget_type=\"heading.default\">\n\t\t\t\t<div class=\"elementor-widget-container\">\n\t\t\t\t\t<h1 class=\"elementor-heading-title elementor-size-default\">News &amp; Events<\/h1>\t\t\t\t<\/div>\n\t\t\t\t<\/div>\n\t\t\t\t<div class=\"elementor-element elementor-element-1bcbca2 elementor-widget__width-initial elementor-widget-laptop__width-inherit elementor-widget elementor-widget-text-editor\" data-id=\"1bcbca2\" data-element_type=\"widget\" data-widget_type=\"text-editor.default\">\n\t\t\t\t<div class=\"elementor-widget-container\">\n\t\t\t\t\t\t\t\t\t<p><span style=\"font-weight: 400;\">Read more about upcoming events and news<\/span><\/p>\t\t\t\t\t\t\t\t<\/div>\n\t\t\t\t<\/div>\n\t\t\t\t<div class=\"elementor-element elementor-element-6232e9a elementor-widget__width-initial searchFormLearning elementor-widget elementor-widget-search\" data-id=\"6232e9a\" data-element_type=\"widget\" data-settings=\"{&quot;submit_trigger&quot;:&quot;both&quot;,&quot;pagination_type_options&quot;:&quot;none&quot;}\" data-widget_type=\"search.default\">\n\t\t\t\t<div class=\"elementor-widget-container\">\n\t\t\t\t\t\t\t<search class=\"e-search hidden\" role=\"search\">\n\t\t\t<form class=\"e-search-form\" action=\"https:\/\/nilex.se\/en\/\" method=\"get\">\n\n\t\t\t\t\n\t\t\t\t<label class=\"e-search-label\" for=\"search-6232e9a\">\n\t\t\t\t\t<span class=\"elementor-screen-only\">\n\t\t\t\t\t\tSearch\t\t\t\t\t<\/span>\n\t\t\t\t\t\t\t\t\t<\/label>\n\n\t\t\t\t<div class=\"e-search-input-wrapper\">\n\t\t\t\t\t<input id=\"search-6232e9a\" placeholder=\"Search for content\u00a0\" class=\"e-search-input\" type=\"search\" name=\"s\" value=\"\" autocomplete=\"off\" role=\"combobox\" aria-autocomplete=\"list\" aria-expanded=\"false\" aria-controls=\"results-6232e9a\" aria-haspopup=\"listbox\">\n\t\t\t\t\t\t\t\t\t\t\t\t\t\t\t<output id=\"results-6232e9a\" class=\"e-search-results-container hide-loader\" aria-live=\"polite\" aria-atomic=\"true\" aria-label=\"Results for search\" tabindex=\"0\">\n\t\t\t\t\t\t<div class=\"e-search-results\"><\/div>\n\t\t\t\t\t\t\t\t\t\t\t<\/output>\n\t\t\t\t\t\t\t\t\t<\/div>\n\t\t\t\t\n\t\t\t\t\n\t\t\t\t<button class=\"e-search-submit  \" type=\"submit\" aria-label=\"Search\">\n\t\t\t\t\t<svg xmlns=\"http:\/\/www.w3.org\/2000\/svg\" width=\"50\" height=\"53\" viewBox=\"0 0 50 53\" fill=\"none\"><rect x=\"3.00049\" y=\"6.99962\" width=\"47\" height=\"46\" rx=\"23\" fill=\"#4ADE80\"><\/rect><path d=\"M24.9407 37.8128C23.0536 37.8128 21.2088 37.2651 19.6397 36.239C18.0705 35.2128 16.8476 33.7543 16.1254 32.0479C15.4032 30.3415 15.2142 28.4638 15.5824 26.6523C15.9506 24.8407 16.8593 23.1767 18.1937 21.8707C19.5282 20.5647 21.2283 19.6752 23.0793 19.3149C24.9302 18.9546 26.8487 19.1395 28.5922 19.8463C30.3357 20.5532 31.8259 21.7501 32.8744 23.2859C33.9228 24.8216 34.4824 26.6271 34.4824 28.4741C34.4824 29.7005 34.2356 30.9149 33.7561 32.0479C33.2766 33.1809 32.5738 34.2104 31.6877 35.0776C30.8017 35.9448 29.7498 36.6326 28.5922 37.102C27.4345 37.5713 26.1938 37.8128 24.9407 37.8128ZM24.9407 21.0082C23.437 21.0082 21.9671 21.4446 20.7168 22.2622C19.4665 23.0799 18.492 24.242 17.9165 25.6017C17.3411 26.9614 17.1905 28.4576 17.4839 29.901C17.7773 31.3445 18.5014 32.6704 19.5647 33.7111C20.6279 34.7517 21.9827 35.4604 23.4575 35.7475C24.9323 36.0347 26.461 35.8873 27.8503 35.3241C29.2395 34.7609 30.4269 33.8071 31.2624 32.5834C32.0978 31.3597 32.5437 29.9211 32.5437 28.4493C32.5437 26.4758 31.7427 24.5831 30.3168 23.1876C28.891 21.7921 26.9572 21.0082 24.9407 21.0082Z\" fill=\"#181A1B\"><\/path><path d=\"M36.6371 40.8513C36.5122 40.8519 36.3885 40.828 36.2732 40.7812C36.1578 40.7343 36.0532 40.6654 35.9655 40.5785L30.7321 35.4564C30.5642 35.2801 30.4729 35.0469 30.4772 34.8059C30.4815 34.565 30.5813 34.335 30.7554 34.1646C30.9295 33.9942 31.1644 33.8966 31.4107 33.8923C31.6569 33.8881 31.8951 33.9775 32.0753 34.1418L37.3087 39.2638C37.4866 39.4382 37.5866 39.6747 37.5866 39.9212C37.5866 40.1676 37.4866 40.4041 37.3087 40.5785C37.2209 40.6654 37.1163 40.7343 37.001 40.7812C36.8857 40.828 36.7619 40.8519 36.6371 40.8513Z\" fill=\"#181A1B\"><\/path><\/svg>\n\t\t\t\t\t\t\t\t\t<\/button>\n\t\t\t\t<input type=\"hidden\" name=\"e_search_props\" value=\"6232e9a-5375\">\n\t\t\t<\/form>\n\t\t<\/search>\n\t\t\t\t\t\t<\/div>\n\t\t\t\t<\/div>\n\t\t\t\t<\/div>\n\t\t\t\t<\/div>\n\t\t\t\t<\/div>\n\t\t\t\t<\/div>\n\t\t<div class=\"elementor-element elementor-element-9477c77 e-con-full e-flex elementor-invisible e-con e-parent\" data-id=\"9477c77\" data-element_type=\"container\" data-settings=\"{&quot;background_background&quot;:&quot;classic&quot;,&quot;animation&quot;:&quot;fadeIn&quot;}\">\n\t\t<div class=\"elementor-element elementor-element-45e28e8 e-con-full e-flex e-con e-child\" data-id=\"45e28e8\" data-element_type=\"container\" data-settings=\"{&quot;background_background&quot;:&quot;classic&quot;}\">\n\t\t\t\t<div class=\"elementor-element elementor-element-b198aac elementor-widget elementor-widget-heading\" data-id=\"b198aac\" data-element_type=\"widget\" data-widget_type=\"heading.default\">\n\t\t\t\t<div class=\"elementor-widget-container\">\n\t\t\t\t\t<h3 class=\"elementor-heading-title elementor-size-default\">Selected insights<\/h3>\t\t\t\t<\/div>\n\t\t\t\t<\/div>\n\t\t\t\t<div class=\"elementor-element elementor-element-08aee3f customBlogGrid elementor-widget elementor-widget-post-widget\" data-id=\"08aee3f\" data-element_type=\"widget\" data-settings=\"{&quot;posts_per_page&quot;:9,&quot;nb_columns_laptop&quot;:&quot;2&quot;,&quot;nb_columns_tablet&quot;:&quot;2&quot;,&quot;pagination&quot;:&quot;numbers&quot;,&quot;classic_layout&quot;:&quot;grid&quot;,&quot;nb_columns&quot;:&quot;3&quot;,&quot;nb_columns_mobile&quot;:&quot;1&quot;,&quot;post_status&quot;:&quot;publish&quot;,&quot;max_pages&quot;:-1,&quot;pagination_mode&quot;:&quot;native&quot;,&quot;scroll_to_top&quot;:&quot;yes&quot;}\" data-widget_type=\"post-widget.default\">\n\t\t\t\t<div class=\"elementor-widget-container\">\n\t\t\t\t\t\n\t\t\t\t<div class=\"post-container numbers classic \" data-total-post=\"6\">\n                <div class=\"post-container-inner\">\n\t\t\t\t<div class=\"elementor-grid\">\n\t\t\t\t<article class=\"post-wrapper\"><div class=\"post-image\"><a href=\"https:\/\/nilex.se\/en\/news-events\/a-successful-customer-day-focusing-on-nsp12-and-the-ai-assistant-nilo\/\" ><img decoding=\"async\" style=\"background-image: url(https:\/\/nilex.se\/wp-content\/uploads\/2025\/11\/image0-2-scaled-e1763124351568.jpeg)\" src=\"https:\/\/nilex.se\/wp-content\/plugins\/better-post-filter-widgets-for-elementor\/assets\/images\/BPFWE-Placeholder-Image-1-1.png\" data-bpfwe-src=\"https:\/\/nilex.se\/wp-content\/uploads\/2025\/11\/image0-2-scaled-e1763124351568.jpeg\" alt=\"framg\u00e5ngsrik kunddag med fokus p\u00e5 NSP12 och AI-assistenten Nilo\" \/><\/a><\/div><div class=\"inner-content\"><h3 class=\"post-title elementor-repeater-item-f61074a\"><a href=\"https:\/\/nilex.se\/en\/news-events\/a-successful-customer-day-focusing-on-nsp12-and-the-ai-assistant-nilo\/\" >A successful customer day focusing on...<\/a><\/h3><div class=\"post-content elementor-repeater-item-6f279d6\"><p>With great interest and a packed hall, Nilex recently held one of our customer days, where businesses from across the...<\/p><\/div><\/div><\/article><article class=\"post-wrapper\"><div class=\"post-image\"><a href=\"https:\/\/nilex.se\/en\/news-events\/a-warm-welcome-to-the-nilex-user-meeting-on-11-12-november-2025\/\" ><img decoding=\"async\" style=\"background-image: url(https:\/\/nilex.se\/wp-content\/uploads\/2025\/09\/Hjartligt-valkommen-till-Nilex-Anvandartraff-den-11-12-november-2025.jpg)\" src=\"https:\/\/nilex.se\/wp-content\/plugins\/better-post-filter-widgets-for-elementor\/assets\/images\/BPFWE-Placeholder-Image-1-1.png\" data-bpfwe-src=\"https:\/\/nilex.se\/wp-content\/uploads\/2025\/09\/Hjartligt-valkommen-till-Nilex-Anvandartraff-den-11-12-november-2025.jpg\" alt=\"Post Image Placeholder\" \/><\/a><\/div><div class=\"inner-content\"><h3 class=\"post-title elementor-repeater-item-f61074a\"><a href=\"https:\/\/nilex.se\/en\/news-events\/a-warm-welcome-to-the-nilex-user-meeting-on-11-12-november-2025\/\" >Welcome to the Nilex User Meeting...<\/a><\/h3><div class=\"post-content elementor-repeater-item-6f279d6\"><p>It&#8217;s time for Nilex&#8217;s annual user meeting! You are warmly welcome to the Elite Hotel Marina Tower in Stockholm on...<\/p><\/div><\/div><\/article><article class=\"post-wrapper\"><div class=\"post-image\"><a href=\"https:\/\/nilex.se\/en\/news-events\/itsmf-expo25-swedens-leading-itsm-conference\/\" ><img decoding=\"async\" style=\"background-image: url(https:\/\/nilex.se\/wp-content\/uploads\/2025\/07\/Expo-25.png)\" src=\"https:\/\/nilex.se\/wp-content\/plugins\/better-post-filter-widgets-for-elementor\/assets\/images\/BPFWE-Placeholder-Image-1-1.png\" data-bpfwe-src=\"https:\/\/nilex.se\/wp-content\/uploads\/2025\/07\/Expo-25.png\" alt=\"Post Image Placeholder\" \/><\/a><\/div><div class=\"inner-content\"><h3 class=\"post-title elementor-repeater-item-f61074a\"><a href=\"https:\/\/nilex.se\/en\/news-events\/itsmf-expo25-swedens-leading-itsm-conference\/\" >itSMF Expo\u201925 \u2013 Sweden&#x27;s leading ITSM...<\/a><\/h3><div class=\"post-content elementor-repeater-item-6f279d6\"><p>itSMF Expo is established as Sweden&#8217;s leading conference in the areas of IT Service Management and IT Governance. Here you...<\/p><\/div><\/div><\/article><article class=\"post-wrapper\"><div class=\"post-image\"><a href=\"https:\/\/nilex.se\/en\/news-events\/webinar-november-e-signing-and-digital-savings-sakra-era-processes\/\" ><img decoding=\"async\" style=\"background-image: url(https:\/\/nilex.se\/wp-content\/uploads\/2025\/08\/Miljobild11-min-1.png)\" src=\"https:\/\/nilex.se\/wp-content\/plugins\/better-post-filter-widgets-for-elementor\/assets\/images\/BPFWE-Placeholder-Image-1-1.png\" data-bpfwe-src=\"https:\/\/nilex.se\/wp-content\/uploads\/2025\/08\/Miljobild11-min-1.png\" alt=\"Post Image Placeholder\" \/><\/a><\/div><div class=\"inner-content\"><h3 class=\"post-title elementor-repeater-item-f61074a\"><a href=\"https:\/\/nilex.se\/en\/news-events\/webinar-november-e-signing-and-digital-savings-sakra-era-processes\/\" >November webinar: \u201cE-signing and digital traceability...<\/a><\/h3><div class=\"post-content elementor-repeater-item-6f279d6\"><p>\u00a0\u00a0\u00a0\u00a0\u00a0\u00a0\u00a0\u00a0\u2022 Demonstration of Nilex eSIGN Studio \u00a0\u00a0\u00a0\u00a0\u00a0\u00a0\u00a0\u00a0\u2022 How to use Nilex eSign as part of the event process \u00a0\u00a0\u00a0\u00a0\u00a0\u00a0\u00a0\u00a0\u2022 Practical...<\/p><\/div><\/div><\/article><article class=\"post-wrapper\"><div class=\"post-image\"><a href=\"https:\/\/nilex.se\/en\/news-events\/webinar-october-automate-your-processes-with-nilex-connectors\/\" ><img decoding=\"async\" style=\"background-image: url(https:\/\/nilex.se\/wp-content\/uploads\/2025\/08\/Miljobild12-min-1.png)\" src=\"https:\/\/nilex.se\/wp-content\/plugins\/better-post-filter-widgets-for-elementor\/assets\/images\/BPFWE-Placeholder-Image-1-1.png\" data-bpfwe-src=\"https:\/\/nilex.se\/wp-content\/uploads\/2025\/08\/Miljobild12-min-1.png\" alt=\"Post Image Placeholder\" \/><\/a><\/div><div class=\"inner-content\"><h3 class=\"post-title elementor-repeater-item-f61074a\"><a href=\"https:\/\/nilex.se\/en\/news-events\/webinar-october-automate-your-processes-with-nilex-connectors\/\" >October webinar: \u201cAutomate your processes with...<\/a><\/h3><div class=\"post-content elementor-repeater-item-6f279d6\"><p>\u00a0\u00a0\u00a0\u00a0\u00a0\u00a0\u00a0\u00a0\u2022 Deep dive into integration possibilities \u00a0\u00a0\u00a0\u00a0\u00a0\u00a0\u00a0\u00a0\u2022 Practical examples of automated workflows \u00a0\u00a0\u00a0\u00a0\u00a0\u00a0\u00a0\u00a0\u2022 Connect different systems (HR, ITIL, etc.) \u00a0\u00a0\u00a0\u00a0\u00a0\u00a0\u00a0\u00a0\u2022...<\/p><\/div><\/div><\/article><article class=\"post-wrapper\"><div class=\"post-image\"><a href=\"https:\/\/nilex.se\/en\/news-events\/webinar-september-nsp-12-from-case-management-to-complete-digitisation\/\" ><img decoding=\"async\" style=\"background-image: url(https:\/\/nilex.se\/wp-content\/uploads\/2025\/08\/Miljobild13-min-1.png)\" src=\"https:\/\/nilex.se\/wp-content\/plugins\/better-post-filter-widgets-for-elementor\/assets\/images\/BPFWE-Placeholder-Image-1-1.png\" data-bpfwe-src=\"https:\/\/nilex.se\/wp-content\/uploads\/2025\/08\/Miljobild13-min-1.png\" alt=\"Post Image Placeholder\" \/><\/a><\/div><div class=\"inner-content\"><h3 class=\"post-title elementor-repeater-item-f61074a\"><a href=\"https:\/\/nilex.se\/en\/news-events\/webinar-september-nsp-12-from-case-management-to-complete-digitisation\/\" >September webinar: \u201cNSP 12 \u2013 From...<\/a><\/h3><div class=\"post-content elementor-repeater-item-6f279d6\"><p>\u00a0\u00a0\u00a0\u00a0\u00a0\u00a0\u00a0\u00a0\u2022 Introduction to NSP 12 and what&#8217;s new \u00a0\u00a0\u00a0\u00a0\u00a0\u00a0\u00a0\u00a0\u2022 Demonstration of Kanban Boards for case management \u00a0\u00a0\u00a0\u00a0\u00a0\u00a0\u00a0\u00a0\u2022 How to transition...<\/p><\/div><\/div><\/article><\/div>\n\t\t\t\t<\/div>\n\t\t\t\t<\/div>\n\t\t\t\t\t\t\t\t<\/div>\n\t\t\t\t<\/div>\n\t\t\t\t<\/div>\n\t\t\t\t<\/div>\n\t\t<div class=\"elementor-element elementor-element-874fa9f e-con-full e-flex elementor-invisible e-con e-parent\" data-id=\"874fa9f\" data-element_type=\"container\" data-settings=\"{&quot;animation&quot;:&quot;fadeIn&quot;}\">\n\t\t<div class=\"elementor-element elementor-element-1ea7a5f e-con-full e-flex e-con e-child\" data-id=\"1ea7a5f\" data-element_type=\"container\" data-settings=\"{&quot;background_background&quot;:&quot;classic&quot;}\">\n\t\t\t\t<div class=\"elementor-element elementor-element-a53f107 elementor-widget__width-initial elementor-widget elementor-widget-heading\" data-id=\"a53f107\" data-element_type=\"widget\" data-widget_type=\"heading.default\">\n\t\t\t\t<div class=\"elementor-widget-container\">\n\t\t\t\t\t<h2 class=\"elementor-heading-title elementor-size-default\">Book a demo and discover how Nilex can be tailored to your needs<\/h2>\t\t\t\t<\/div>\n\t\t\t\t<\/div>\n\t\t\t\t<div class=\"elementor-element elementor-element-28bb052 elementor-align-center elementor-mobile-align-left elementor-tablet-align-center elementor-widget-tablet__width-initial elementor-widget elementor-widget-button\" data-id=\"28bb052\" data-element_type=\"widget\" data-widget_type=\"button.default\">\n\t\t\t\t<div class=\"elementor-widget-container\">\n\t\t\t\t\t\t\t\t\t<div class=\"elementor-button-wrapper\">\n\t\t\t\t\t<a class=\"elementor-button elementor-button-link elementor-size-sm\" href=\"https:\/\/nilex.se\/en\/?page_id=44\">\n\t\t\t\t\t\t<span class=\"elementor-button-content-wrapper\">\n\t\t\t\t\t\t<span class=\"elementor-button-icon\">\n\t\t\t\t<svg xmlns=\"http:\/\/www.w3.org\/2000\/svg\" width=\"32\" height=\"32\" viewBox=\"0 0 32 32\" fill=\"none\"><rect x=\"32.001\" y=\"-6.10352e-05\" width=\"32\" height=\"32\" rx=\"16\" transform=\"rotate(90 32.001 -6.10352e-05)\" fill=\"#0B2A47\"><\/rect><path d=\"M23.7803 16.0001L23.3332 15.5322L17.8011 10.0001L16.8646 10.9367L21.2785 15.3493L8.22154 15.3493V16.651L21.2791 16.651L16.8652 21.0642L17.8011 22.0001L23.3332 16.4681L23.7803 16.0001Z\" fill=\"white\"><\/path><\/svg>\t\t\t<\/span>\n\t\t\t\t\t\t\t\t\t<span class=\"elementor-button-text\">Book a demo<\/span>\n\t\t\t\t\t<\/span>\n\t\t\t\t\t<\/a>\n\t\t\t\t<\/div>\n\t\t\t\t\t\t\t\t<\/div>\n\t\t\t\t<\/div>\n\t\t\t\t<\/div>\n\t\t\t\t<\/div>\n\t\t<div class=\"elementor-element elementor-element-cc4b34d e-con-full e-flex elementor-invisible e-con e-parent\" data-id=\"cc4b34d\" data-element_type=\"container\" data-settings=\"{&quot;background_background&quot;:&quot;classic&quot;,&quot;animation&quot;:&quot;fadeIn&quot;}\">\n\t\t<div class=\"elementor-element elementor-element-62e2d6a e-con-full e-flex e-con e-child\" data-id=\"62e2d6a\" data-element_type=\"container\" data-settings=\"{&quot;background_background&quot;:&quot;classic&quot;}\">\n\t\t\t\t<div class=\"elementor-element elementor-element-4183b7d elementor-widget__width-initial elementor-widget-laptop__width-inherit elementor-widget elementor-widget-heading\" data-id=\"4183b7d\" data-element_type=\"widget\" data-widget_type=\"heading.default\">\n\t\t\t\t<div class=\"elementor-widget-container\">\n\t\t\t\t\t<h5 class=\"elementor-heading-title elementor-size-default\">Stay up to date with our latest insights &amp; news\n<\/h5>\t\t\t\t<\/div>\n\t\t\t\t<\/div>\n\t\t\t\t<div class=\"elementor-element elementor-element-7f923df elementor-widget__width-initial elementor-widget-laptop__width-inherit elementor-widget elementor-widget-html\" data-id=\"7f923df\" data-element_type=\"widget\" data-widget_type=\"html.default\">\n\t\t\t\t<div class=\"elementor-widget-container\">\n\t\t\t\t\t<iframe src=\"https:\/\/pages.upsales.com\/9170ucc7efa9a886143a4895cef6b71d1c63a-frame\" width=\"360\" height=\"200\" tyle=\"border:0\"><\/iframe>\t\t\t\t<\/div>\n\t\t\t\t<\/div>\n\t\t\t\t<\/div>\n\t\t\t\t<\/div>\n\t\t\t\t<\/div>\n\t\t","protected":false},"excerpt":{"rendered":"<p>News &amp; Events Read more about upcoming events and news S\u00f6k Selected insights En framg\u00e5ngsrik kunddag med fokus p\u00e5&#8230; Med stort intresse och en fullsatt sal genomf\u00f6rde Nilex nyligen en av v\u00e5ra kunddagar, d\u00e4r verksamheter fr\u00e5n hela Norden samlades&#8230; Hj\u00e4rtligt v\u00e4lkommen till Nilex Anv\u00e4ndartr\u00e4ff den&#8230; Det \u00e4r dags f\u00f6r Nilex \u00e5rliga anv\u00e4ndartr\u00e4ff! Varmt v\u00e4lkomna till [&hellip;]<\/p>\n","protected":false},"author":1,"featured_media":0,"parent":0,"menu_order":0,"comment_status":"closed","ping_status":"closed","template":"elementor_header_footer","meta":{"inline_featured_image":false,"footnotes":""},"class_list":["post-5375","page","type-page","status-publish","hentry"],"yoast_head":"<!-- This site is optimized with the Yoast SEO plugin v27.5 - https:\/\/yoast.com\/product\/yoast-seo-wordpress\/ -->\n<title>News &amp; Events | Nilex<\/title>\n<meta name=\"description\" content=\"Here you will find all our videos, from webinars to short informative clips.\" \/>\n<meta name=\"robots\" content=\"index, follow, max-snippet:-1, max-image-preview:large, max-video-preview:-1\" \/>\n<link rel=\"canonical\" href=\"https:\/\/nilex.se\/en\/news-events\/\" \/>\n<meta property=\"og:locale\" content=\"en_US\" \/>\n<meta property=\"og:type\" content=\"article\" \/>\n<meta property=\"og:title\" content=\"News &amp; Events | Nilex\" \/>\n<meta property=\"og:description\" content=\"Here you will find all our videos, from webinars to short informative clips.\" \/>\n<meta property=\"og:url\" content=\"https:\/\/nilex.se\/en\/news-events\/\" \/>\n<meta property=\"og:site_name\" content=\"Nilex\" \/>\n<meta property=\"article:modified_time\" content=\"2026-02-03T15:53:44+00:00\" \/>\n<meta property=\"og:image\" content=\"https:\/\/nilex.se\/wp-content\/plugins\/better-post-filter-widgets-for-elementor\/assets\/images\/BPFWE-Placeholder-Image-1-1.png\" \/>\n<meta name=\"twitter:card\" content=\"summary_large_image\" \/>\n<meta name=\"twitter:label1\" content=\"Est. reading time\" \/>\n\t<meta name=\"twitter:data1\" content=\"1 minute\" \/>\n<!-- \/ Yoast SEO plugin. -->","yoast_head_json":{"title":"News &amp; Events | Nilex","description":"Here you will find all our videos, from webinars to short informative clips.","robots":{"index":"index","follow":"follow","max-snippet":"max-snippet:-1","max-image-preview":"max-image-preview:large","max-video-preview":"max-video-preview:-1"},"canonical":"https:\/\/nilex.se\/en\/news-events\/","og_locale":"en_US","og_type":"article","og_title":"News &amp; Events | Nilex","og_description":"Here you will find all our videos, from webinars to short informative clips.","og_url":"https:\/\/nilex.se\/en\/news-events\/","og_site_name":"Nilex","article_modified_time":"2026-02-03T15:53:44+00:00","og_image":[{"url":"https:\/\/nilex.se\/wp-content\/plugins\/better-post-filter-widgets-for-elementor\/assets\/images\/BPFWE-Placeholder-Image-1-1.png","type":"","width":"","height":""}],"twitter_card":"summary_large_image","twitter_misc":{"Est. reading time":"1 minute"},"schema":{"@context":"https:\/\/schema.org","@graph":[{"@type":"WebPage","@id":"https:\/\/nilex.se\/en\/news-events\/","url":"https:\/\/nilex.se\/en\/news-events\/","name":"News &amp; Events | Nilex","isPartOf":{"@id":"https:\/\/nilex.se\/en\/#website"},"primaryImageOfPage":{"@id":"https:\/\/nilex.se\/en\/news-events\/#primaryimage"},"image":{"@id":"https:\/\/nilex.se\/en\/news-events\/#primaryimage"},"thumbnailUrl":"https:\/\/nilex.se\/wp-content\/plugins\/better-post-filter-widgets-for-elementor\/assets\/images\/BPFWE-Placeholder-Image-1-1.png","datePublished":"2025-06-20T13:44:09+00:00","dateModified":"2026-02-03T15:53:44+00:00","description":"Here you will find all our videos, from webinars to short informative clips.","breadcrumb":{"@id":"https:\/\/nilex.se\/en\/news-events\/#breadcrumb"},"inLanguage":"en-US","potentialAction":[{"@type":"ReadAction","target":["https:\/\/nilex.se\/en\/news-events\/"]}]},{"@type":"ImageObject","inLanguage":"en-US","@id":"https:\/\/nilex.se\/en\/news-events\/#primaryimage","url":"https:\/\/nilex.se\/wp-content\/plugins\/better-post-filter-widgets-for-elementor\/assets\/images\/BPFWE-Placeholder-Image-1-1.png","contentUrl":"https:\/\/nilex.se\/wp-content\/plugins\/better-post-filter-widgets-for-elementor\/assets\/images\/BPFWE-Placeholder-Image-1-1.png"},{"@type":"BreadcrumbList","@id":"https:\/\/nilex.se\/en\/news-events\/#breadcrumb","itemListElement":[{"@type":"ListItem","position":1,"name":"Hem","item":"https:\/\/nilex.se\/en\/"},{"@type":"ListItem","position":2,"name":"News &amp; Events"}]},{"@type":"WebSite","@id":"https:\/\/nilex.se\/en\/#website","url":"https:\/\/nilex.se\/en\/","name":"Nilex","description":"\u00c4rendehanteringssystem som f\u00f6rvandlar din organisation med automatisk \u00e4rendeprioritering","publisher":{"@id":"https:\/\/nilex.se\/en\/#organization"},"potentialAction":[{"@type":"SearchAction","target":{"@type":"EntryPoint","urlTemplate":"https:\/\/nilex.se\/en\/?s={search_term_string}"},"query-input":{"@type":"PropertyValueSpecification","valueRequired":true,"valueName":"search_term_string"}}],"inLanguage":"en-US"},{"@type":"Organization","@id":"https:\/\/nilex.se\/en\/#organization","name":"Nilex","url":"https:\/\/nilex.se\/en\/","logo":{"@type":"ImageObject","inLanguage":"en-US","@id":"https:\/\/nilex.se\/en\/#\/schema\/logo\/image\/","url":"https:\/\/new.nilex.se\/wp-content\/uploads\/2025\/06\/logo_nilex.svg","contentUrl":"https:\/\/new.nilex.se\/wp-content\/uploads\/2025\/06\/logo_nilex.svg","width":149,"height":25,"caption":"Nilex"},"image":{"@id":"https:\/\/nilex.se\/en\/#\/schema\/logo\/image\/"}}]}},"_links":{"self":[{"href":"https:\/\/nilex.se\/en\/wp-json\/wp\/v2\/pages\/5375","targetHints":{"allow":["GET"]}}],"collection":[{"href":"https:\/\/nilex.se\/en\/wp-json\/wp\/v2\/pages"}],"about":[{"href":"https:\/\/nilex.se\/en\/wp-json\/wp\/v2\/types\/page"}],"author":[{"embeddable":true,"href":"https:\/\/nilex.se\/en\/wp-json\/wp\/v2\/users\/1"}],"replies":[{"embeddable":true,"href":"https:\/\/nilex.se\/en\/wp-json\/wp\/v2\/comments?post=5375"}],"version-history":[{"count":1,"href":"https:\/\/nilex.se\/en\/wp-json\/wp\/v2\/pages\/5375\/revisions"}],"predecessor-version":[{"id":8985,"href":"https:\/\/nilex.se\/en\/wp-json\/wp\/v2\/pages\/5375\/revisions\/8985"}],"wp:attachment":[{"href":"https:\/\/nilex.se\/en\/wp-json\/wp\/v2\/media?parent=5375"}],"curies":[{"name":"wp","href":"https:\/\/api.w.org\/{rel}","templated":true}]}}