{"id":5374,"date":"2025-06-20T13:46:32","date_gmt":"2025-06-20T13:46:32","guid":{"rendered":"https:\/\/new.nilex.se\/video-webinar\/"},"modified":"2026-02-03T15:53:46","modified_gmt":"2026-02-03T15:53:46","slug":"video-webinar","status":"publish","type":"page","link":"https:\/\/nilex.se\/en\/video-webinar\/","title":{"rendered":"Video &amp; Webinar"},"content":{"rendered":"\t\t<div data-elementor-type=\"wp-page\" data-elementor-id=\"5374\" class=\"elementor elementor-5374 elementor-113\" data-elementor-post-type=\"page\">\n\t\t\t\t<div class=\"elementor-element elementor-element-6b997d1 e-con-full e-flex elementor-invisible e-con e-parent\" data-id=\"6b997d1\" data-element_type=\"container\" data-settings=\"{&quot;background_background&quot;:&quot;classic&quot;,&quot;animation&quot;:&quot;fadeIn&quot;}\">\n\t\t<div class=\"elementor-element elementor-element-55cc8dd e-con-full e-flex e-con e-child\" data-id=\"55cc8dd\" data-element_type=\"container\" data-settings=\"{&quot;background_background&quot;:&quot;classic&quot;}\">\n\t\t\t\t<div class=\"elementor-element elementor-element-62b984b elementor-widget elementor-widget-breadcrumbs\" data-id=\"62b984b\" data-element_type=\"widget\" data-widget_type=\"breadcrumbs.default\">\n\t\t\t\t<div class=\"elementor-widget-container\">\n\t\t\t\t\t<p id=\"breadcrumbs\"><span><span><a href=\"https:\/\/nilex.se\/en\/\">Hem<\/a><\/span><\/span><\/p>\t\t\t\t<\/div>\n\t\t\t\t<\/div>\n\t\t\t\t<div class=\"elementor-element elementor-element-36748a0 elementor-widget-divider--view-line elementor-widget elementor-widget-divider\" data-id=\"36748a0\" data-element_type=\"widget\" data-widget_type=\"divider.default\">\n\t\t\t\t<div class=\"elementor-widget-container\">\n\t\t\t\t\t\t\t<div class=\"elementor-divider\">\n\t\t\t<span class=\"elementor-divider-separator\">\n\t\t\t\t\t\t<\/span>\n\t\t<\/div>\n\t\t\t\t\t\t<\/div>\n\t\t\t\t<\/div>\n\t\t<div class=\"elementor-element elementor-element-4370f22 e-con-full e-flex e-con e-child\" data-id=\"4370f22\" data-element_type=\"container\">\n\t\t<div class=\"elementor-element elementor-element-e74f3d2 e-con-full e-flex e-con e-child\" data-id=\"e74f3d2\" data-element_type=\"container\">\n\t\t\t\t<div class=\"elementor-element elementor-element-ecd1989 elementor-widget elementor-widget-heading\" data-id=\"ecd1989\" data-element_type=\"widget\" data-widget_type=\"heading.default\">\n\t\t\t\t<div class=\"elementor-widget-container\">\n\t\t\t\t\t<h1 class=\"elementor-heading-title elementor-size-default\">Video &amp; Webinar<\/h1>\t\t\t\t<\/div>\n\t\t\t\t<\/div>\n\t\t\t\t<div class=\"elementor-element elementor-element-945df93 elementor-widget__width-initial elementor-widget-laptop__width-inherit elementor-widget elementor-widget-text-editor\" data-id=\"945df93\" data-element_type=\"widget\" data-widget_type=\"text-editor.default\">\n\t\t\t\t<div class=\"elementor-widget-container\">\n\t\t\t\t\t\t\t\t\t<p><span style=\"font-weight: 400;\">Grab a coffee and watch our webinars and videos at your leisure.<\/span><\/p>\t\t\t\t\t\t\t\t<\/div>\n\t\t\t\t<\/div>\n\t\t\t\t<div class=\"elementor-element elementor-element-12fe132 elementor-widget__width-initial searchFormLearning elementor-widget elementor-widget-search\" data-id=\"12fe132\" data-element_type=\"widget\" data-settings=\"{&quot;submit_trigger&quot;:&quot;both&quot;,&quot;pagination_type_options&quot;:&quot;none&quot;}\" data-widget_type=\"search.default\">\n\t\t\t\t<div class=\"elementor-widget-container\">\n\t\t\t\t\t\t\t<search class=\"e-search hidden\" role=\"search\">\n\t\t\t<form class=\"e-search-form\" action=\"https:\/\/nilex.se\/en\/\" method=\"get\">\n\n\t\t\t\t\n\t\t\t\t<label class=\"e-search-label\" for=\"search-12fe132\">\n\t\t\t\t\t<span class=\"elementor-screen-only\">\n\t\t\t\t\t\tSearch\t\t\t\t\t<\/span>\n\t\t\t\t\t\t\t\t\t<\/label>\n\n\t\t\t\t<div class=\"e-search-input-wrapper\">\n\t\t\t\t\t<input id=\"search-12fe132\" placeholder=\"Search for content\u00a0\" class=\"e-search-input\" type=\"search\" name=\"s\" value=\"\" autocomplete=\"off\" role=\"combobox\" aria-autocomplete=\"list\" aria-expanded=\"false\" aria-controls=\"results-12fe132\" aria-haspopup=\"listbox\">\n\t\t\t\t\t\t\t\t\t\t\t\t\t\t\t<output id=\"results-12fe132\" class=\"e-search-results-container hide-loader\" aria-live=\"polite\" aria-atomic=\"true\" aria-label=\"Results for search\" tabindex=\"0\">\n\t\t\t\t\t\t<div class=\"e-search-results\"><\/div>\n\t\t\t\t\t\t\t\t\t\t\t<\/output>\n\t\t\t\t\t\t\t\t\t<\/div>\n\t\t\t\t\n\t\t\t\t\n\t\t\t\t<button class=\"e-search-submit  \" type=\"submit\" aria-label=\"Search\">\n\t\t\t\t\t<svg xmlns=\"http:\/\/www.w3.org\/2000\/svg\" width=\"50\" height=\"53\" viewBox=\"0 0 50 53\" fill=\"none\"><rect x=\"3.00049\" y=\"6.99962\" width=\"47\" height=\"46\" rx=\"23\" fill=\"#4ADE80\"><\/rect><path d=\"M24.9407 37.8128C23.0536 37.8128 21.2088 37.2651 19.6397 36.239C18.0705 35.2128 16.8476 33.7543 16.1254 32.0479C15.4032 30.3415 15.2142 28.4638 15.5824 26.6523C15.9506 24.8407 16.8593 23.1767 18.1937 21.8707C19.5282 20.5647 21.2283 19.6752 23.0793 19.3149C24.9302 18.9546 26.8487 19.1395 28.5922 19.8463C30.3357 20.5532 31.8259 21.7501 32.8744 23.2859C33.9228 24.8216 34.4824 26.6271 34.4824 28.4741C34.4824 29.7005 34.2356 30.9149 33.7561 32.0479C33.2766 33.1809 32.5738 34.2104 31.6877 35.0776C30.8017 35.9448 29.7498 36.6326 28.5922 37.102C27.4345 37.5713 26.1938 37.8128 24.9407 37.8128ZM24.9407 21.0082C23.437 21.0082 21.9671 21.4446 20.7168 22.2622C19.4665 23.0799 18.492 24.242 17.9165 25.6017C17.3411 26.9614 17.1905 28.4576 17.4839 29.901C17.7773 31.3445 18.5014 32.6704 19.5647 33.7111C20.6279 34.7517 21.9827 35.4604 23.4575 35.7475C24.9323 36.0347 26.461 35.8873 27.8503 35.3241C29.2395 34.7609 30.4269 33.8071 31.2624 32.5834C32.0978 31.3597 32.5437 29.9211 32.5437 28.4493C32.5437 26.4758 31.7427 24.5831 30.3168 23.1876C28.891 21.7921 26.9572 21.0082 24.9407 21.0082Z\" fill=\"#181A1B\"><\/path><path d=\"M36.6371 40.8513C36.5122 40.8519 36.3885 40.828 36.2732 40.7812C36.1578 40.7343 36.0532 40.6654 35.9655 40.5785L30.7321 35.4564C30.5642 35.2801 30.4729 35.0469 30.4772 34.8059C30.4815 34.565 30.5813 34.335 30.7554 34.1646C30.9295 33.9942 31.1644 33.8966 31.4107 33.8923C31.6569 33.8881 31.8951 33.9775 32.0753 34.1418L37.3087 39.2638C37.4866 39.4382 37.5866 39.6747 37.5866 39.9212C37.5866 40.1676 37.4866 40.4041 37.3087 40.5785C37.2209 40.6654 37.1163 40.7343 37.001 40.7812C36.8857 40.828 36.7619 40.8519 36.6371 40.8513Z\" fill=\"#181A1B\"><\/path><\/svg>\n\t\t\t\t\t\t\t\t\t<\/button>\n\t\t\t\t<input type=\"hidden\" name=\"e_search_props\" value=\"12fe132-5374\">\n\t\t\t<\/form>\n\t\t<\/search>\n\t\t\t\t\t\t<\/div>\n\t\t\t\t<\/div>\n\t\t\t\t<\/div>\n\t\t\t\t<\/div>\n\t\t\t\t<\/div>\n\t\t\t\t<\/div>\n\t\t<div class=\"elementor-element elementor-element-0407a1c e-con-full e-flex elementor-invisible e-con e-parent\" data-id=\"0407a1c\" data-element_type=\"container\" data-settings=\"{&quot;background_background&quot;:&quot;classic&quot;,&quot;animation&quot;:&quot;fadeIn&quot;}\">\n\t\t<div class=\"elementor-element elementor-element-a5b966f e-con-full e-flex e-con e-child\" data-id=\"a5b966f\" data-element_type=\"container\" data-settings=\"{&quot;background_background&quot;:&quot;classic&quot;}\">\n\t\t\t\t<div class=\"elementor-element elementor-element-1bba9a9 elementor-mobile-align-justify elementor-widget-mobile__width-inherit elementor-widget elementor-widget-button\" data-id=\"1bba9a9\" data-element_type=\"widget\" data-widget_type=\"button.default\">\n\t\t\t\t<div class=\"elementor-widget-container\">\n\t\t\t\t\t\t\t\t\t<div class=\"elementor-button-wrapper\">\n\t\t\t\t\t<a class=\"elementor-button elementor-button-link elementor-size-sm\" href=\"#webinars\">\n\t\t\t\t\t\t<span class=\"elementor-button-content-wrapper\">\n\t\t\t\t\t\t\t\t\t<span class=\"elementor-button-text\">On-demand webinars<\/span>\n\t\t\t\t\t<\/span>\n\t\t\t\t\t<\/a>\n\t\t\t\t<\/div>\n\t\t\t\t\t\t\t\t<\/div>\n\t\t\t\t<\/div>\n\t\t\t\t<div class=\"elementor-element elementor-element-e3b5613 elementor-mobile-align-justify elementor-widget-mobile__width-inherit elementor-widget elementor-widget-button\" data-id=\"e3b5613\" data-element_type=\"widget\" data-widget_type=\"button.default\">\n\t\t\t\t<div class=\"elementor-widget-container\">\n\t\t\t\t\t\t\t\t\t<div class=\"elementor-button-wrapper\">\n\t\t\t\t\t<a class=\"elementor-button elementor-button-link elementor-size-sm\" href=\"#productinspiration\">\n\t\t\t\t\t\t<span class=\"elementor-button-content-wrapper\">\n\t\t\t\t\t\t\t\t\t<span class=\"elementor-button-text\">Product inspiration<\/span>\n\t\t\t\t\t<\/span>\n\t\t\t\t\t<\/a>\n\t\t\t\t<\/div>\n\t\t\t\t\t\t\t\t<\/div>\n\t\t\t\t<\/div>\n\t\t\t\t<\/div>\n\t\t\t\t<\/div>\n\t\t<div class=\"elementor-element elementor-element-3622f35 e-con-full e-flex elementor-invisible e-con e-parent\" data-id=\"3622f35\" data-element_type=\"container\" id=\"webinars\" data-settings=\"{&quot;background_background&quot;:&quot;classic&quot;,&quot;animation&quot;:&quot;fadeIn&quot;}\">\n\t\t<div class=\"elementor-element elementor-element-6c252ce e-con-full e-flex e-con e-child\" data-id=\"6c252ce\" data-element_type=\"container\">\n\t\t\t\t<div class=\"elementor-element elementor-element-0ceff91 elementor-widget elementor-widget-button\" data-id=\"0ceff91\" data-element_type=\"widget\" data-widget_type=\"button.default\">\n\t\t\t\t<div class=\"elementor-widget-container\">\n\t\t\t\t\t\t\t\t\t<div class=\"elementor-button-wrapper\">\n\t\t\t\t\t<a class=\"elementor-button elementor-button-link elementor-size-sm\" href=\"#webinars\">\n\t\t\t\t\t\t<span class=\"elementor-button-content-wrapper\">\n\t\t\t\t\t\t\t\t\t<span class=\"elementor-button-text\">On-demand webinars<\/span>\n\t\t\t\t\t<\/span>\n\t\t\t\t\t<\/a>\n\t\t\t\t<\/div>\n\t\t\t\t\t\t\t\t<\/div>\n\t\t\t\t<\/div>\n\t\t\t\t<div class=\"elementor-element elementor-element-179ddc3 elementor-widget__width-inherit headingGreen elementor-widget elementor-widget-heading\" data-id=\"179ddc3\" data-element_type=\"widget\" data-widget_type=\"heading.default\">\n\t\t\t\t<div class=\"elementor-widget-container\">\n\t\t\t\t\t<h2 class=\"elementor-heading-title elementor-size-default\">Did you miss a webinar or want to watch it again?<\/h2>\t\t\t\t<\/div>\n\t\t\t\t<\/div>\n\t\t\t\t<div class=\"elementor-element elementor-element-e30dd53 elementor-widget__width-initial elementor-widget elementor-widget-text-editor\" data-id=\"e30dd53\" data-element_type=\"widget\" data-widget_type=\"text-editor.default\">\n\t\t\t\t<div class=\"elementor-widget-container\">\n\t\t\t\t\t\t\t\t\t<p>Did you miss an important webinar? No worries! Sit back with an espresso and listen whenever it suits you.<\/p>\t\t\t\t\t\t\t\t<\/div>\n\t\t\t\t<\/div>\n\t\t\t\t<\/div>\n\t\t<div class=\"elementor-element elementor-element-6cd54ba e-con-full e-flex e-con e-child\" data-id=\"6cd54ba\" data-element_type=\"container\">\n\t\t\t\t<\/div>\n\t\t\t\t<\/div>\n\t\t<div class=\"elementor-element elementor-element-6461c34 e-con-full e-flex elementor-invisible e-con e-parent\" data-id=\"6461c34\" data-element_type=\"container\" id=\"produktinspiration\" data-settings=\"{&quot;background_background&quot;:&quot;classic&quot;,&quot;animation&quot;:&quot;fadeIn&quot;}\">\n\t\t<div class=\"elementor-element elementor-element-762b493 e-con-full e-flex e-con e-child\" data-id=\"762b493\" data-element_type=\"container\">\n\t\t\t\t<div class=\"elementor-element elementor-element-60f1bce elementor-widget elementor-widget-button\" data-id=\"60f1bce\" data-element_type=\"widget\" data-widget_type=\"button.default\">\n\t\t\t\t<div class=\"elementor-widget-container\">\n\t\t\t\t\t\t\t\t\t<div class=\"elementor-button-wrapper\">\n\t\t\t\t\t<a class=\"elementor-button elementor-button-link elementor-size-sm\" href=\"#\">\n\t\t\t\t\t\t<span class=\"elementor-button-content-wrapper\">\n\t\t\t\t\t\t\t\t\t<span class=\"elementor-button-text\">Product inspiration<\/span>\n\t\t\t\t\t<\/span>\n\t\t\t\t\t<\/a>\n\t\t\t\t<\/div>\n\t\t\t\t\t\t\t\t<\/div>\n\t\t\t\t<\/div>\n\t\t\t\t<div class=\"elementor-element elementor-element-5af94c9 elementor-widget__width-inherit headingGreen elementor-widget elementor-widget-heading\" data-id=\"5af94c9\" data-element_type=\"widget\" data-widget_type=\"heading.default\">\n\t\t\t\t<div class=\"elementor-widget-container\">\n\t\t\t\t\t<h2 class=\"elementor-heading-title elementor-size-default\">Discover new ways to use Nilex at<\/h2>\t\t\t\t<\/div>\n\t\t\t\t<\/div>\n\t\t\t\t<div class=\"elementor-element elementor-element-7424129 elementor-widget__width-initial elementor-widget elementor-widget-text-editor\" data-id=\"7424129\" data-element_type=\"widget\" data-widget_type=\"text-editor.default\">\n\t\t\t\t<div class=\"elementor-widget-container\">\n\t\t\t\t\t\t\t\t\t<p>Get ideas and inspiration on how you can use Nilex in new ways and in more areas than just IT.<\/p>\t\t\t\t\t\t\t\t<\/div>\n\t\t\t\t<\/div>\n\t\t\t\t<\/div>\n\t\t<div class=\"elementor-element elementor-element-ac5f1b0 e-con-full e-flex e-con e-child\" data-id=\"ac5f1b0\" data-element_type=\"container\">\n\t\t\t\t<\/div>\n\t\t\t\t<\/div>\n\t\t<div class=\"elementor-element elementor-element-6ffd453 e-con-full e-flex elementor-invisible e-con e-parent\" data-id=\"6ffd453\" data-element_type=\"container\" data-settings=\"{&quot;animation&quot;:&quot;fadeIn&quot;}\">\n\t\t<div class=\"elementor-element elementor-element-31f8cf1 e-con-full e-flex e-con e-child\" data-id=\"31f8cf1\" data-element_type=\"container\" data-settings=\"{&quot;background_background&quot;:&quot;classic&quot;}\">\n\t\t\t\t<div class=\"elementor-element elementor-element-57419c1 elementor-widget__width-initial elementor-widget elementor-widget-heading\" data-id=\"57419c1\" data-element_type=\"widget\" data-widget_type=\"heading.default\">\n\t\t\t\t<div class=\"elementor-widget-container\">\n\t\t\t\t\t<h2 class=\"elementor-heading-title elementor-size-default\">Book a demo and discover how Nilex can be tailored to your needs<\/h2>\t\t\t\t<\/div>\n\t\t\t\t<\/div>\n\t\t\t\t<div class=\"elementor-element elementor-element-b3af71a elementor-align-center elementor-mobile-align-left elementor-tablet-align-center elementor-widget-tablet__width-initial elementor-widget elementor-widget-button\" data-id=\"b3af71a\" data-element_type=\"widget\" data-widget_type=\"button.default\">\n\t\t\t\t<div class=\"elementor-widget-container\">\n\t\t\t\t\t\t\t\t\t<div class=\"elementor-button-wrapper\">\n\t\t\t\t\t<a class=\"elementor-button elementor-button-link elementor-size-sm\" href=\"https:\/\/nilex.se\/en\/?page_id=44\">\n\t\t\t\t\t\t<span class=\"elementor-button-content-wrapper\">\n\t\t\t\t\t\t<span class=\"elementor-button-icon\">\n\t\t\t\t<svg xmlns=\"http:\/\/www.w3.org\/2000\/svg\" width=\"32\" height=\"32\" viewBox=\"0 0 32 32\" fill=\"none\"><rect x=\"32.001\" y=\"-6.10352e-05\" width=\"32\" height=\"32\" rx=\"16\" transform=\"rotate(90 32.001 -6.10352e-05)\" fill=\"#0B2A47\"><\/rect><path d=\"M23.7803 16.0001L23.3332 15.5322L17.8011 10.0001L16.8646 10.9367L21.2785 15.3493L8.22154 15.3493V16.651L21.2791 16.651L16.8652 21.0642L17.8011 22.0001L23.3332 16.4681L23.7803 16.0001Z\" fill=\"white\"><\/path><\/svg>\t\t\t<\/span>\n\t\t\t\t\t\t\t\t\t<span class=\"elementor-button-text\">Book a demo<\/span>\n\t\t\t\t\t<\/span>\n\t\t\t\t\t<\/a>\n\t\t\t\t<\/div>\n\t\t\t\t\t\t\t\t<\/div>\n\t\t\t\t<\/div>\n\t\t\t\t<\/div>\n\t\t\t\t<\/div>\n\t\t<div class=\"elementor-element elementor-element-84e50a4 e-con-full e-flex elementor-invisible e-con e-parent\" data-id=\"84e50a4\" data-element_type=\"container\" data-settings=\"{&quot;background_background&quot;:&quot;classic&quot;,&quot;animation&quot;:&quot;fadeIn&quot;}\">\n\t\t<div class=\"elementor-element elementor-element-6c210da e-con-full e-flex e-con e-child\" data-id=\"6c210da\" data-element_type=\"container\" data-settings=\"{&quot;background_background&quot;:&quot;classic&quot;}\">\n\t\t\t\t<div class=\"elementor-element elementor-element-c7962a5 elementor-widget__width-initial elementor-widget-laptop__width-inherit elementor-widget elementor-widget-heading\" data-id=\"c7962a5\" data-element_type=\"widget\" data-widget_type=\"heading.default\">\n\t\t\t\t<div class=\"elementor-widget-container\">\n\t\t\t\t\t<h5 class=\"elementor-heading-title elementor-size-default\">Stay up to date with our latest insights &amp; news\n<\/h5>\t\t\t\t<\/div>\n\t\t\t\t<\/div>\n\t\t\t\t<div class=\"elementor-element elementor-element-0553558 elementor-widget__width-initial elementor-widget-laptop__width-inherit elementor-widget elementor-widget-html\" data-id=\"0553558\" data-element_type=\"widget\" data-widget_type=\"html.default\">\n\t\t\t\t<div class=\"elementor-widget-container\">\n\t\t\t\t\t<iframe src=\"https:\/\/pages.upsales.com\/9170ucc7efa9a886143a4895cef6b71d1c63a-frame\" width=\"360\" height=\"200\" tyle=\"border:0\"><\/iframe>\t\t\t\t<\/div>\n\t\t\t\t<\/div>\n\t\t\t\t<\/div>\n\t\t\t\t<\/div>\n\t\t\t\t<\/div>\n\t\t","protected":false},"excerpt":{"rendered":"<p>Video &amp; Webinar Grab a coffee and watch our webinars and videos at your leisure. S\u00f6k On-demand webinars Product inspiration On-demand webinars Did you miss a webinar or want to watch it again? Did you miss an important webinar? No worries! Sit back with an espresso and listen whenever it suits you. Product inspiration Discover [&hellip;]<\/p>\n","protected":false},"author":1,"featured_media":0,"parent":0,"menu_order":0,"comment_status":"closed","ping_status":"closed","template":"elementor_header_footer","meta":{"inline_featured_image":false,"footnotes":""},"class_list":["post-5374","page","type-page","status-publish","hentry"],"yoast_head":"<!-- This site is optimized with the Yoast SEO plugin v27.5 - https:\/\/yoast.com\/product\/yoast-seo-wordpress\/ -->\n<title>Video &amp; Webinar | Nilex<\/title>\n<meta name=\"description\" content=\"Here you will find all our videos, from webinars to short informative clips.\" \/>\n<meta name=\"robots\" content=\"index, follow, max-snippet:-1, max-image-preview:large, max-video-preview:-1\" \/>\n<link rel=\"canonical\" href=\"https:\/\/nilex.se\/en\/video-webinar\/\" \/>\n<meta property=\"og:locale\" content=\"en_US\" \/>\n<meta property=\"og:type\" content=\"article\" \/>\n<meta property=\"og:title\" content=\"Video &amp; Webinar | Nilex\" \/>\n<meta property=\"og:description\" content=\"Here you will find all our videos, from webinars to short informative clips.\" \/>\n<meta property=\"og:url\" content=\"https:\/\/nilex.se\/en\/video-webinar\/\" \/>\n<meta property=\"og:site_name\" content=\"Nilex\" \/>\n<meta property=\"article:modified_time\" content=\"2026-02-03T15:53:46+00:00\" \/>\n<meta name=\"twitter:card\" content=\"summary_large_image\" \/>\n<meta name=\"twitter:label1\" content=\"Est. reading time\" \/>\n\t<meta name=\"twitter:data1\" content=\"1 minute\" \/>\n<!-- \/ Yoast SEO plugin. -->","yoast_head_json":{"title":"Video &amp; Webinar | Nilex","description":"Here you will find all our videos, from webinars to short informative clips.","robots":{"index":"index","follow":"follow","max-snippet":"max-snippet:-1","max-image-preview":"max-image-preview:large","max-video-preview":"max-video-preview:-1"},"canonical":"https:\/\/nilex.se\/en\/video-webinar\/","og_locale":"en_US","og_type":"article","og_title":"Video &amp; Webinar | Nilex","og_description":"Here you will find all our videos, from webinars to short informative clips.","og_url":"https:\/\/nilex.se\/en\/video-webinar\/","og_site_name":"Nilex","article_modified_time":"2026-02-03T15:53:46+00:00","twitter_card":"summary_large_image","twitter_misc":{"Est. reading time":"1 minute"},"schema":{"@context":"https:\/\/schema.org","@graph":[{"@type":"WebPage","@id":"https:\/\/nilex.se\/en\/video-webinar\/","url":"https:\/\/nilex.se\/en\/video-webinar\/","name":"Video &amp; Webinar | Nilex","isPartOf":{"@id":"https:\/\/nilex.se\/en\/#website"},"datePublished":"2025-06-20T13:46:32+00:00","dateModified":"2026-02-03T15:53:46+00:00","description":"Here you will find all our videos, from webinars to short informative clips.","breadcrumb":{"@id":"https:\/\/nilex.se\/en\/video-webinar\/#breadcrumb"},"inLanguage":"en-US","potentialAction":[{"@type":"ReadAction","target":["https:\/\/nilex.se\/en\/video-webinar\/"]}]},{"@type":"BreadcrumbList","@id":"https:\/\/nilex.se\/en\/video-webinar\/#breadcrumb","itemListElement":[{"@type":"ListItem","position":1,"name":"Hem","item":"https:\/\/nilex.se\/en\/"},{"@type":"ListItem","position":2,"name":"Video &amp; Webinar"}]},{"@type":"WebSite","@id":"https:\/\/nilex.se\/en\/#website","url":"https:\/\/nilex.se\/en\/","name":"Nilex","description":"\u00c4rendehanteringssystem som f\u00f6rvandlar din organisation med automatisk \u00e4rendeprioritering","publisher":{"@id":"https:\/\/nilex.se\/en\/#organization"},"potentialAction":[{"@type":"SearchAction","target":{"@type":"EntryPoint","urlTemplate":"https:\/\/nilex.se\/en\/?s={search_term_string}"},"query-input":{"@type":"PropertyValueSpecification","valueRequired":true,"valueName":"search_term_string"}}],"inLanguage":"en-US"},{"@type":"Organization","@id":"https:\/\/nilex.se\/en\/#organization","name":"Nilex","url":"https:\/\/nilex.se\/en\/","logo":{"@type":"ImageObject","inLanguage":"en-US","@id":"https:\/\/nilex.se\/en\/#\/schema\/logo\/image\/","url":"https:\/\/new.nilex.se\/wp-content\/uploads\/2025\/06\/logo_nilex.svg","contentUrl":"https:\/\/new.nilex.se\/wp-content\/uploads\/2025\/06\/logo_nilex.svg","width":149,"height":25,"caption":"Nilex"},"image":{"@id":"https:\/\/nilex.se\/en\/#\/schema\/logo\/image\/"}}]}},"_links":{"self":[{"href":"https:\/\/nilex.se\/en\/wp-json\/wp\/v2\/pages\/5374","targetHints":{"allow":["GET"]}}],"collection":[{"href":"https:\/\/nilex.se\/en\/wp-json\/wp\/v2\/pages"}],"about":[{"href":"https:\/\/nilex.se\/en\/wp-json\/wp\/v2\/types\/page"}],"author":[{"embeddable":true,"href":"https:\/\/nilex.se\/en\/wp-json\/wp\/v2\/users\/1"}],"replies":[{"embeddable":true,"href":"https:\/\/nilex.se\/en\/wp-json\/wp\/v2\/comments?post=5374"}],"version-history":[{"count":1,"href":"https:\/\/nilex.se\/en\/wp-json\/wp\/v2\/pages\/5374\/revisions"}],"predecessor-version":[{"id":8987,"href":"https:\/\/nilex.se\/en\/wp-json\/wp\/v2\/pages\/5374\/revisions\/8987"}],"wp:attachment":[{"href":"https:\/\/nilex.se\/en\/wp-json\/wp\/v2\/media?parent=5374"}],"curies":[{"name":"wp","href":"https:\/\/api.w.org\/{rel}","templated":true}]}}