{"id":5373,"date":"2025-06-20T13:44:41","date_gmt":"2025-06-20T13:44:41","guid":{"rendered":"https:\/\/new.nilex.se\/kundcase\/"},"modified":"2026-02-03T15:53:44","modified_gmt":"2026-02-03T15:53:44","slug":"customer-case","status":"publish","type":"page","link":"https:\/\/nilex.se\/en\/customer-case\/","title":{"rendered":"Customer case"},"content":{"rendered":"\t\t<div data-elementor-type=\"wp-page\" data-elementor-id=\"5373\" class=\"elementor elementor-5373 elementor-101\" data-elementor-post-type=\"page\">\n\t\t\t\t<div class=\"elementor-element elementor-element-f739f4e e-con-full e-flex elementor-invisible e-con e-parent\" data-id=\"f739f4e\" data-element_type=\"container\" data-settings=\"{&quot;background_background&quot;:&quot;classic&quot;,&quot;animation&quot;:&quot;fadeIn&quot;}\">\n\t\t<div class=\"elementor-element elementor-element-03c76a3 e-con-full e-flex e-con e-child\" data-id=\"03c76a3\" data-element_type=\"container\" data-settings=\"{&quot;background_background&quot;:&quot;classic&quot;}\">\n\t\t\t\t<div class=\"elementor-element elementor-element-e7df8c2 elementor-widget elementor-widget-breadcrumbs\" data-id=\"e7df8c2\" data-element_type=\"widget\" data-widget_type=\"breadcrumbs.default\">\n\t\t\t\t<div class=\"elementor-widget-container\">\n\t\t\t\t\t<p id=\"breadcrumbs\"><span><span><a href=\"https:\/\/nilex.se\/en\/\">Hem<\/a><\/span><\/span><\/p>\t\t\t\t<\/div>\n\t\t\t\t<\/div>\n\t\t\t\t<div class=\"elementor-element elementor-element-edf8641 elementor-widget-divider--view-line elementor-widget elementor-widget-divider\" data-id=\"edf8641\" data-element_type=\"widget\" data-widget_type=\"divider.default\">\n\t\t\t\t<div class=\"elementor-widget-container\">\n\t\t\t\t\t\t\t<div class=\"elementor-divider\">\n\t\t\t<span class=\"elementor-divider-separator\">\n\t\t\t\t\t\t<\/span>\n\t\t<\/div>\n\t\t\t\t\t\t<\/div>\n\t\t\t\t<\/div>\n\t\t<div class=\"elementor-element elementor-element-3969be6 e-con-full e-flex e-con e-child\" data-id=\"3969be6\" data-element_type=\"container\">\n\t\t<div class=\"elementor-element elementor-element-f0e2a84 e-con-full e-flex e-con e-child\" data-id=\"f0e2a84\" data-element_type=\"container\">\n\t\t\t\t<div class=\"elementor-element elementor-element-59c5592 elementor-widget elementor-widget-heading\" data-id=\"59c5592\" data-element_type=\"widget\" data-widget_type=\"heading.default\">\n\t\t\t\t<div class=\"elementor-widget-container\">\n\t\t\t\t\t<h1 class=\"elementor-heading-title elementor-size-default\">Customer case<\/h1>\t\t\t\t<\/div>\n\t\t\t\t<\/div>\n\t\t\t\t<div class=\"elementor-element elementor-element-b0d5463 elementor-widget__width-initial elementor-widget-laptop__width-inherit elementor-widget elementor-widget-text-editor\" data-id=\"b0d5463\" data-element_type=\"widget\" data-widget_type=\"text-editor.default\">\n\t\t\t\t<div class=\"elementor-widget-container\">\n\t\t\t\t\t\t\t\t\t<p><span style=\"font-weight: 400;\">Here, our customers share their success stories and the results they have achieved together with us.<\/span><\/p>\t\t\t\t\t\t\t\t<\/div>\n\t\t\t\t<\/div>\n\t\t\t\t<div class=\"elementor-element elementor-element-aa1c668 elementor-widget__width-initial searchFormLearning elementor-widget elementor-widget-search\" data-id=\"aa1c668\" data-element_type=\"widget\" data-settings=\"{&quot;submit_trigger&quot;:&quot;both&quot;,&quot;pagination_type_options&quot;:&quot;none&quot;}\" data-widget_type=\"search.default\">\n\t\t\t\t<div class=\"elementor-widget-container\">\n\t\t\t\t\t\t\t<search class=\"e-search hidden\" role=\"search\">\n\t\t\t<form class=\"e-search-form\" action=\"https:\/\/nilex.se\/en\/\" method=\"get\">\n\n\t\t\t\t\n\t\t\t\t<label class=\"e-search-label\" for=\"search-aa1c668\">\n\t\t\t\t\t<span class=\"elementor-screen-only\">\n\t\t\t\t\t\tSearch\t\t\t\t\t<\/span>\n\t\t\t\t\t\t\t\t\t<\/label>\n\n\t\t\t\t<div class=\"e-search-input-wrapper\">\n\t\t\t\t\t<input id=\"search-aa1c668\" placeholder=\"Search for content\u00a0\" class=\"e-search-input\" type=\"search\" name=\"s\" value=\"\" autocomplete=\"off\" role=\"combobox\" aria-autocomplete=\"list\" aria-expanded=\"false\" aria-controls=\"results-aa1c668\" aria-haspopup=\"listbox\">\n\t\t\t\t\t\t\t\t\t\t\t\t\t\t\t<output id=\"results-aa1c668\" class=\"e-search-results-container hide-loader\" aria-live=\"polite\" aria-atomic=\"true\" aria-label=\"Results for search\" tabindex=\"0\">\n\t\t\t\t\t\t<div class=\"e-search-results\"><\/div>\n\t\t\t\t\t\t\t\t\t\t\t<\/output>\n\t\t\t\t\t\t\t\t\t<\/div>\n\t\t\t\t\n\t\t\t\t\n\t\t\t\t<button class=\"e-search-submit  \" type=\"submit\" aria-label=\"Search\">\n\t\t\t\t\t<svg xmlns=\"http:\/\/www.w3.org\/2000\/svg\" width=\"50\" height=\"53\" viewBox=\"0 0 50 53\" fill=\"none\"><rect x=\"3.00049\" y=\"6.99962\" width=\"47\" height=\"46\" rx=\"23\" fill=\"#4ADE80\"><\/rect><path d=\"M24.9407 37.8128C23.0536 37.8128 21.2088 37.2651 19.6397 36.239C18.0705 35.2128 16.8476 33.7543 16.1254 32.0479C15.4032 30.3415 15.2142 28.4638 15.5824 26.6523C15.9506 24.8407 16.8593 23.1767 18.1937 21.8707C19.5282 20.5647 21.2283 19.6752 23.0793 19.3149C24.9302 18.9546 26.8487 19.1395 28.5922 19.8463C30.3357 20.5532 31.8259 21.7501 32.8744 23.2859C33.9228 24.8216 34.4824 26.6271 34.4824 28.4741C34.4824 29.7005 34.2356 30.9149 33.7561 32.0479C33.2766 33.1809 32.5738 34.2104 31.6877 35.0776C30.8017 35.9448 29.7498 36.6326 28.5922 37.102C27.4345 37.5713 26.1938 37.8128 24.9407 37.8128ZM24.9407 21.0082C23.437 21.0082 21.9671 21.4446 20.7168 22.2622C19.4665 23.0799 18.492 24.242 17.9165 25.6017C17.3411 26.9614 17.1905 28.4576 17.4839 29.901C17.7773 31.3445 18.5014 32.6704 19.5647 33.7111C20.6279 34.7517 21.9827 35.4604 23.4575 35.7475C24.9323 36.0347 26.461 35.8873 27.8503 35.3241C29.2395 34.7609 30.4269 33.8071 31.2624 32.5834C32.0978 31.3597 32.5437 29.9211 32.5437 28.4493C32.5437 26.4758 31.7427 24.5831 30.3168 23.1876C28.891 21.7921 26.9572 21.0082 24.9407 21.0082Z\" fill=\"#181A1B\"><\/path><path d=\"M36.6371 40.8513C36.5122 40.8519 36.3885 40.828 36.2732 40.7812C36.1578 40.7343 36.0532 40.6654 35.9655 40.5785L30.7321 35.4564C30.5642 35.2801 30.4729 35.0469 30.4772 34.8059C30.4815 34.565 30.5813 34.335 30.7554 34.1646C30.9295 33.9942 31.1644 33.8966 31.4107 33.8923C31.6569 33.8881 31.8951 33.9775 32.0753 34.1418L37.3087 39.2638C37.4866 39.4382 37.5866 39.6747 37.5866 39.9212C37.5866 40.1676 37.4866 40.4041 37.3087 40.5785C37.2209 40.6654 37.1163 40.7343 37.001 40.7812C36.8857 40.828 36.7619 40.8519 36.6371 40.8513Z\" fill=\"#181A1B\"><\/path><\/svg>\n\t\t\t\t\t\t\t\t\t<\/button>\n\t\t\t\t<input type=\"hidden\" name=\"e_search_props\" value=\"aa1c668-5373\">\n\t\t\t<\/form>\n\t\t<\/search>\n\t\t\t\t\t\t<\/div>\n\t\t\t\t<\/div>\n\t\t\t\t<\/div>\n\t\t\t\t<\/div>\n\t\t\t\t<\/div>\n\t\t\t\t<\/div>\n\t\t<div class=\"elementor-element elementor-element-fee11fe e-con-full e-flex elementor-invisible e-con e-parent\" data-id=\"fee11fe\" data-element_type=\"container\" data-settings=\"{&quot;background_background&quot;:&quot;classic&quot;,&quot;animation&quot;:&quot;fadeIn&quot;}\">\n\t\t<div class=\"elementor-element elementor-element-20c01e7 e-con-full e-flex e-con e-child\" data-id=\"20c01e7\" data-element_type=\"container\" data-settings=\"{&quot;background_background&quot;:&quot;classic&quot;}\">\n\t\t\t\t<div class=\"elementor-element elementor-element-dfcc4e0 elementor-widget elementor-widget-heading\" data-id=\"dfcc4e0\" data-element_type=\"widget\" data-widget_type=\"heading.default\">\n\t\t\t\t<div class=\"elementor-widget-container\">\n\t\t\t\t\t<h3 class=\"elementor-heading-title elementor-size-default\">Selected insights<\/h3>\t\t\t\t<\/div>\n\t\t\t\t<\/div>\n\t\t\t\t<div class=\"elementor-element elementor-element-b751729 customBlogGrid elementor-widget elementor-widget-post-widget\" data-id=\"b751729\" data-element_type=\"widget\" data-settings=\"{&quot;posts_per_page&quot;:9,&quot;nb_columns_laptop&quot;:&quot;2&quot;,&quot;nb_columns_tablet&quot;:&quot;2&quot;,&quot;pagination&quot;:&quot;numbers&quot;,&quot;classic_layout&quot;:&quot;grid&quot;,&quot;nb_columns&quot;:&quot;3&quot;,&quot;nb_columns_mobile&quot;:&quot;1&quot;,&quot;post_status&quot;:&quot;publish&quot;,&quot;max_pages&quot;:-1,&quot;pagination_mode&quot;:&quot;native&quot;,&quot;scroll_to_top&quot;:&quot;yes&quot;}\" data-widget_type=\"post-widget.default\">\n\t\t\t\t<div class=\"elementor-widget-container\">\n\t\t\t\t\t\n\t\t\t\t<div class=\"post-container numbers classic \" data-total-post=\"4\">\n                <div class=\"post-container-inner\">\n\t\t\t\t<div class=\"elementor-grid\">\n\t\t\t\t<article class=\"post-wrapper\"><div class=\"post-image\"><a href=\"https:\/\/nilex.se\/en\/customer-case\/fibre-city-creates-order-control-and-better-follow-up-with-nilex\/\" ><img decoding=\"async\" style=\"background-image: url(https:\/\/nilex.se\/wp-content\/uploads\/2026\/01\/fiberlogga_400_x_250_2087408067.webp)\" src=\"https:\/\/nilex.se\/wp-content\/plugins\/better-post-filter-widgets-for-elementor\/assets\/images\/BPFWE-Placeholder-Image-1-1.png\" data-bpfwe-src=\"https:\/\/nilex.se\/wp-content\/uploads\/2026\/01\/fiberlogga_400_x_250_2087408067.webp\" alt=\"Post Image Placeholder\" \/><\/a><\/div><div class=\"inner-content\"><h3 class=\"post-title elementor-repeater-item-f61074a\"><a href=\"https:\/\/nilex.se\/en\/customer-case\/fibre-city-creates-order-control-and-better-follow-up-with-nilex\/\" >Fiberstaden creates order, control and better...<\/a><\/h3><div class=\"post-content elementor-repeater-item-6f279d6\"><p>Fiberstaden is a municipally owned company responsible for IT operations in the municipalities of Nordanstig and Hudiksvall, as well as...<\/p><\/div><\/div><\/article><article class=\"post-wrapper\"><div class=\"post-image\"><a href=\"https:\/\/nilex.se\/en\/customer-case\/region-varmland-streamlines-case-management-with-nsp\/\" ><img decoding=\"async\" style=\"background-image: url(https:\/\/nilex.se\/wp-content\/uploads\/2025\/10\/image0-1.jpeg)\" src=\"https:\/\/nilex.se\/wp-content\/plugins\/better-post-filter-widgets-for-elementor\/assets\/images\/BPFWE-Placeholder-Image-1-1.png\" data-bpfwe-src=\"https:\/\/nilex.se\/wp-content\/uploads\/2025\/10\/image0-1.jpeg\" alt=\"Post Image Placeholder\" \/><\/a><\/div><div class=\"inner-content\"><h3 class=\"post-title elementor-repeater-item-f61074a\"><a href=\"https:\/\/nilex.se\/en\/customer-case\/region-varmland-streamlines-case-management-with-nsp\/\" >Streamline case management with NSP<\/a><\/h3><div class=\"post-content elementor-repeater-item-6f279d6\"><p>Region V\u00e4rmland has been working with Nilex&#8217;s system since 2009 and was an early adopterof the new NSP (Nilex Service...<\/p><\/div><\/div><\/article><article class=\"post-wrapper\"><div class=\"post-image\"><a href=\"https:\/\/nilex.se\/en\/customer-case\/nilex-case-management-generates-internal-structure-at-skurup-municipalitys-payroll-unit\/\" ><img decoding=\"async\" style=\"background-image: url(https:\/\/nilex.se\/wp-content\/uploads\/2025\/06\/Rectangle-49-1.png)\" src=\"https:\/\/nilex.se\/wp-content\/plugins\/better-post-filter-widgets-for-elementor\/assets\/images\/BPFWE-Placeholder-Image-1-1.png\" data-bpfwe-src=\"https:\/\/nilex.se\/wp-content\/uploads\/2025\/06\/Rectangle-49-1.png\" alt=\"Skurups kommun logotyp med siluett av flygande g\u00e4ss, sol \u00f6ver landskap i b\u00e5gformat f\u00f6nster \u2013 Nils Holgerssons hembygd.\" \/><\/a><\/div><div class=\"inner-content\"><h3 class=\"post-title elementor-repeater-item-f61074a\"><a href=\"https:\/\/nilex.se\/en\/customer-case\/nilex-case-management-generates-internal-structure-at-skurup-municipalitys-payroll-unit\/\" >Nilex case management generates internal structure...<\/a><\/h3><div class=\"post-content elementor-repeater-item-6f279d6\"><p>Nilex case management optimises the handling of digitally signed employment contracts, resulting in increased efficiency and good service. Skurup Municipality...<\/p><\/div><\/div><\/article><article class=\"post-wrapper\"><div class=\"post-image\"><a href=\"https:\/\/nilex.se\/en\/customer-case\/nilex-cmdb-provides-herrljunga-vargarda-with-an-overview-of-the-municipalitys-it-equipment\/\" ><img decoding=\"async\" style=\"background-image: url(https:\/\/nilex.se\/wp-content\/uploads\/2025\/07\/herljuga-kommun.png)\" src=\"https:\/\/nilex.se\/wp-content\/plugins\/better-post-filter-widgets-for-elementor\/assets\/images\/BPFWE-Placeholder-Image-1-1.png\" data-bpfwe-src=\"https:\/\/nilex.se\/wp-content\/uploads\/2025\/07\/herljuga-kommun.png\" alt=\"Post Image Placeholder\" \/><\/a><\/div><div class=\"inner-content\"><h3 class=\"post-title elementor-repeater-item-f61074a\"><a href=\"https:\/\/nilex.se\/en\/customer-case\/nilex-cmdb-provides-herrljunga-vargarda-with-an-overview-of-the-municipalitys-it-equipment\/\" >Nilex CMDB provides Herrljunga &amp; V\u00e5rg\u00e5rda...<\/a><\/h3><div class=\"post-content elementor-repeater-item-6f279d6\"><p>CMDB facilitates inventory and the development of needs analyses and action plans. It also contributes to sustainable and cost-effective management...<\/p><\/div><\/div><\/article><\/div>\n\t\t\t\t<\/div>\n\t\t\t\t<\/div>\n\t\t\t\t\t\t\t\t<\/div>\n\t\t\t\t<\/div>\n\t\t\t\t<\/div>\n\t\t\t\t<\/div>\n\t\t<div class=\"elementor-element elementor-element-20c4207 e-con-full e-flex elementor-invisible e-con e-parent\" data-id=\"20c4207\" data-element_type=\"container\" data-settings=\"{&quot;animation&quot;:&quot;fadeIn&quot;}\">\n\t\t<div class=\"elementor-element elementor-element-4e728c1 e-con-full e-flex e-con e-child\" data-id=\"4e728c1\" data-element_type=\"container\" data-settings=\"{&quot;background_background&quot;:&quot;classic&quot;}\">\n\t\t\t\t<div class=\"elementor-element elementor-element-5bd6aa6 elementor-widget__width-initial elementor-widget elementor-widget-heading\" data-id=\"5bd6aa6\" data-element_type=\"widget\" data-widget_type=\"heading.default\">\n\t\t\t\t<div class=\"elementor-widget-container\">\n\t\t\t\t\t<h2 class=\"elementor-heading-title elementor-size-default\">Book a demo and discover how Nilex can be tailored to your needs<\/h2>\t\t\t\t<\/div>\n\t\t\t\t<\/div>\n\t\t\t\t<div class=\"elementor-element elementor-element-1c5e941 elementor-align-center elementor-mobile-align-left elementor-tablet-align-center elementor-widget-tablet__width-initial elementor-widget elementor-widget-button\" data-id=\"1c5e941\" data-element_type=\"widget\" data-widget_type=\"button.default\">\n\t\t\t\t<div class=\"elementor-widget-container\">\n\t\t\t\t\t\t\t\t\t<div class=\"elementor-button-wrapper\">\n\t\t\t\t\t<a class=\"elementor-button elementor-button-link elementor-size-sm\" href=\"https:\/\/nilex.se\/en\/?page_id=44\">\n\t\t\t\t\t\t<span class=\"elementor-button-content-wrapper\">\n\t\t\t\t\t\t<span class=\"elementor-button-icon\">\n\t\t\t\t<svg xmlns=\"http:\/\/www.w3.org\/2000\/svg\" width=\"32\" height=\"32\" viewBox=\"0 0 32 32\" fill=\"none\"><rect x=\"32.001\" y=\"-6.10352e-05\" width=\"32\" height=\"32\" rx=\"16\" transform=\"rotate(90 32.001 -6.10352e-05)\" fill=\"#0B2A47\"><\/rect><path d=\"M23.7803 16.0001L23.3332 15.5322L17.8011 10.0001L16.8646 10.9367L21.2785 15.3493L8.22154 15.3493V16.651L21.2791 16.651L16.8652 21.0642L17.8011 22.0001L23.3332 16.4681L23.7803 16.0001Z\" fill=\"white\"><\/path><\/svg>\t\t\t<\/span>\n\t\t\t\t\t\t\t\t\t<span class=\"elementor-button-text\">Book a demo<\/span>\n\t\t\t\t\t<\/span>\n\t\t\t\t\t<\/a>\n\t\t\t\t<\/div>\n\t\t\t\t\t\t\t\t<\/div>\n\t\t\t\t<\/div>\n\t\t\t\t<\/div>\n\t\t\t\t<\/div>\n\t\t<div class=\"elementor-element elementor-element-9c391ec e-con-full e-flex elementor-invisible e-con e-parent\" data-id=\"9c391ec\" data-element_type=\"container\" data-settings=\"{&quot;background_background&quot;:&quot;classic&quot;,&quot;animation&quot;:&quot;fadeIn&quot;}\">\n\t\t<div class=\"elementor-element elementor-element-ad0a541 e-con-full e-flex e-con e-child\" data-id=\"ad0a541\" data-element_type=\"container\" data-settings=\"{&quot;background_background&quot;:&quot;classic&quot;}\">\n\t\t\t\t<div class=\"elementor-element elementor-element-55157cc elementor-widget__width-initial elementor-widget-laptop__width-inherit elementor-widget elementor-widget-heading\" data-id=\"55157cc\" data-element_type=\"widget\" data-widget_type=\"heading.default\">\n\t\t\t\t<div class=\"elementor-widget-container\">\n\t\t\t\t\t<h5 class=\"elementor-heading-title elementor-size-default\">Stay up to date with our latest insights &amp; news\n<\/h5>\t\t\t\t<\/div>\n\t\t\t\t<\/div>\n\t\t\t\t<div class=\"elementor-element elementor-element-5c0da8c elementor-widget__width-initial elementor-widget-laptop__width-inherit elementor-widget elementor-widget-html\" data-id=\"5c0da8c\" data-element_type=\"widget\" data-widget_type=\"html.default\">\n\t\t\t\t<div class=\"elementor-widget-container\">\n\t\t\t\t\t<iframe src=\"https:\/\/pages.upsales.com\/9170ucc7efa9a886143a4895cef6b71d1c63a-frame\" width=\"360\" height=\"200\" tyle=\"border:0\"><\/iframe>\t\t\t\t<\/div>\n\t\t\t\t<\/div>\n\t\t\t\t<\/div>\n\t\t\t\t<\/div>\n\t\t\t\t<\/div>\n\t\t","protected":false},"excerpt":{"rendered":"<p>Customer case Here, our customers share their success stories and the results they have achieved together with us. S\u00f6k Selected insights Fiberstaden skapar ordning, styrningoch b\u00e4ttre uppf\u00f6ljning&#8230; Fiberstaden \u00e4r ett kommunal\u00e4gt bolag med ansvar f\u00f6r IT-driften i Nordanstigs och Hudiksvalls kommuner samt deras bolag och stiftelser. Verksamheten&#8230; Effektiviserar \u00e4rendehanteringen med NSP Region V\u00e4rmland har arbetat [&hellip;]<\/p>\n","protected":false},"author":1,"featured_media":0,"parent":0,"menu_order":0,"comment_status":"closed","ping_status":"closed","template":"elementor_header_footer","meta":{"inline_featured_image":false,"footnotes":""},"class_list":["post-5373","page","type-page","status-publish","hentry"],"yoast_head":"<!-- This site is optimized with the Yoast SEO plugin v27.5 - https:\/\/yoast.com\/product\/yoast-seo-wordpress\/ -->\n<title>Customer case | Nilex<\/title>\n<meta name=\"description\" content=\"Here, our customers share their success stories and the results they have achieved together with us.\" \/>\n<meta name=\"robots\" content=\"index, follow, max-snippet:-1, max-image-preview:large, max-video-preview:-1\" \/>\n<link rel=\"canonical\" href=\"https:\/\/nilex.se\/en\/customer-case\/\" \/>\n<meta property=\"og:locale\" content=\"en_US\" \/>\n<meta property=\"og:type\" content=\"article\" \/>\n<meta property=\"og:title\" content=\"Customer case | Nilex\" \/>\n<meta property=\"og:description\" content=\"Here, our customers share their success stories and the results they have achieved together with us.\" \/>\n<meta property=\"og:url\" content=\"https:\/\/nilex.se\/en\/customer-case\/\" \/>\n<meta property=\"og:site_name\" content=\"Nilex\" \/>\n<meta property=\"article:modified_time\" content=\"2026-02-03T15:53:44+00:00\" \/>\n<meta property=\"og:image\" content=\"https:\/\/nilex.se\/wp-content\/plugins\/better-post-filter-widgets-for-elementor\/assets\/images\/BPFWE-Placeholder-Image-1-1.png\" \/>\n<meta name=\"twitter:card\" content=\"summary_large_image\" \/>\n<meta name=\"twitter:label1\" content=\"Est. reading time\" \/>\n\t<meta name=\"twitter:data1\" content=\"1 minute\" \/>\n<!-- \/ Yoast SEO plugin. -->","yoast_head_json":{"title":"Customer case | Nilex","description":"Here, our customers share their success stories and the results they have achieved together with us.","robots":{"index":"index","follow":"follow","max-snippet":"max-snippet:-1","max-image-preview":"max-image-preview:large","max-video-preview":"max-video-preview:-1"},"canonical":"https:\/\/nilex.se\/en\/customer-case\/","og_locale":"en_US","og_type":"article","og_title":"Customer case | Nilex","og_description":"Here, our customers share their success stories and the results they have achieved together with us.","og_url":"https:\/\/nilex.se\/en\/customer-case\/","og_site_name":"Nilex","article_modified_time":"2026-02-03T15:53:44+00:00","og_image":[{"url":"https:\/\/nilex.se\/wp-content\/plugins\/better-post-filter-widgets-for-elementor\/assets\/images\/BPFWE-Placeholder-Image-1-1.png","type":"","width":"","height":""}],"twitter_card":"summary_large_image","twitter_misc":{"Est. reading time":"1 minute"},"schema":{"@context":"https:\/\/schema.org","@graph":[{"@type":"WebPage","@id":"https:\/\/nilex.se\/en\/customer-case\/","url":"https:\/\/nilex.se\/en\/customer-case\/","name":"Customer case | Nilex","isPartOf":{"@id":"https:\/\/nilex.se\/en\/#website"},"primaryImageOfPage":{"@id":"https:\/\/nilex.se\/en\/customer-case\/#primaryimage"},"image":{"@id":"https:\/\/nilex.se\/en\/customer-case\/#primaryimage"},"thumbnailUrl":"https:\/\/nilex.se\/wp-content\/plugins\/better-post-filter-widgets-for-elementor\/assets\/images\/BPFWE-Placeholder-Image-1-1.png","datePublished":"2025-06-20T13:44:41+00:00","dateModified":"2026-02-03T15:53:44+00:00","description":"Here, our customers share their success stories and the results they have achieved together with us.","breadcrumb":{"@id":"https:\/\/nilex.se\/en\/customer-case\/#breadcrumb"},"inLanguage":"en-US","potentialAction":[{"@type":"ReadAction","target":["https:\/\/nilex.se\/en\/customer-case\/"]}]},{"@type":"ImageObject","inLanguage":"en-US","@id":"https:\/\/nilex.se\/en\/customer-case\/#primaryimage","url":"https:\/\/nilex.se\/wp-content\/plugins\/better-post-filter-widgets-for-elementor\/assets\/images\/BPFWE-Placeholder-Image-1-1.png","contentUrl":"https:\/\/nilex.se\/wp-content\/plugins\/better-post-filter-widgets-for-elementor\/assets\/images\/BPFWE-Placeholder-Image-1-1.png"},{"@type":"BreadcrumbList","@id":"https:\/\/nilex.se\/en\/customer-case\/#breadcrumb","itemListElement":[{"@type":"ListItem","position":1,"name":"Hem","item":"https:\/\/nilex.se\/en\/"},{"@type":"ListItem","position":2,"name":"Customer case"}]},{"@type":"WebSite","@id":"https:\/\/nilex.se\/en\/#website","url":"https:\/\/nilex.se\/en\/","name":"Nilex","description":"\u00c4rendehanteringssystem som f\u00f6rvandlar din organisation med automatisk \u00e4rendeprioritering","publisher":{"@id":"https:\/\/nilex.se\/en\/#organization"},"potentialAction":[{"@type":"SearchAction","target":{"@type":"EntryPoint","urlTemplate":"https:\/\/nilex.se\/en\/?s={search_term_string}"},"query-input":{"@type":"PropertyValueSpecification","valueRequired":true,"valueName":"search_term_string"}}],"inLanguage":"en-US"},{"@type":"Organization","@id":"https:\/\/nilex.se\/en\/#organization","name":"Nilex","url":"https:\/\/nilex.se\/en\/","logo":{"@type":"ImageObject","inLanguage":"en-US","@id":"https:\/\/nilex.se\/en\/#\/schema\/logo\/image\/","url":"https:\/\/new.nilex.se\/wp-content\/uploads\/2025\/06\/logo_nilex.svg","contentUrl":"https:\/\/new.nilex.se\/wp-content\/uploads\/2025\/06\/logo_nilex.svg","width":149,"height":25,"caption":"Nilex"},"image":{"@id":"https:\/\/nilex.se\/en\/#\/schema\/logo\/image\/"}}]}},"_links":{"self":[{"href":"https:\/\/nilex.se\/en\/wp-json\/wp\/v2\/pages\/5373","targetHints":{"allow":["GET"]}}],"collection":[{"href":"https:\/\/nilex.se\/en\/wp-json\/wp\/v2\/pages"}],"about":[{"href":"https:\/\/nilex.se\/en\/wp-json\/wp\/v2\/types\/page"}],"author":[{"embeddable":true,"href":"https:\/\/nilex.se\/en\/wp-json\/wp\/v2\/users\/1"}],"replies":[{"embeddable":true,"href":"https:\/\/nilex.se\/en\/wp-json\/wp\/v2\/comments?post=5373"}],"version-history":[{"count":1,"href":"https:\/\/nilex.se\/en\/wp-json\/wp\/v2\/pages\/5373\/revisions"}],"predecessor-version":[{"id":8984,"href":"https:\/\/nilex.se\/en\/wp-json\/wp\/v2\/pages\/5373\/revisions\/8984"}],"wp:attachment":[{"href":"https:\/\/nilex.se\/en\/wp-json\/wp\/v2\/media?parent=5373"}],"curies":[{"name":"wp","href":"https:\/\/api.w.org\/{rel}","templated":true}]}}