{"id":5278,"date":"2025-07-27T19:09:00","date_gmt":"2025-07-27T19:09:00","guid":{"rendered":"https:\/\/new.nilex.se\/nilex-pro\/"},"modified":"2026-02-12T08:35:24","modified_gmt":"2026-02-12T08:35:24","slug":"nilex-pro","status":"publish","type":"page","link":"https:\/\/nilex.se\/en\/nilex-pro\/","title":{"rendered":"Nilex PRO\u00ae"},"content":{"rendered":"\t\t<div data-elementor-type=\"wp-page\" data-elementor-id=\"5278\" class=\"elementor elementor-5278 elementor-4426\" data-elementor-post-type=\"page\">\n\t\t\t\t<div class=\"elementor-element elementor-element-2ce4a0f e-con-full e-flex elementor-invisible e-con e-parent\" data-id=\"2ce4a0f\" data-element_type=\"container\" data-settings=\"{&quot;background_background&quot;:&quot;classic&quot;,&quot;animation&quot;:&quot;fadeIn&quot;}\">\n\t\t<div class=\"elementor-element elementor-element-781e781 e-con-full e-flex e-con e-child\" data-id=\"781e781\" data-element_type=\"container\" data-settings=\"{&quot;background_background&quot;:&quot;classic&quot;}\">\n\t\t\t\t<div class=\"elementor-element elementor-element-939f805 elementor-widget elementor-widget-breadcrumbs\" data-id=\"939f805\" data-element_type=\"widget\" data-widget_type=\"breadcrumbs.default\">\n\t\t\t\t<div class=\"elementor-widget-container\">\n\t\t\t\t\t<p id=\"breadcrumbs\"><span><span><a href=\"https:\/\/nilex.se\/en\/\">Hem<\/a><\/span><\/span><\/p>\t\t\t\t<\/div>\n\t\t\t\t<\/div>\n\t\t\t\t<div class=\"elementor-element elementor-element-a45d3e9 elementor-widget-divider--view-line elementor-widget elementor-widget-divider\" data-id=\"a45d3e9\" data-element_type=\"widget\" data-widget_type=\"divider.default\">\n\t\t\t\t<div class=\"elementor-widget-container\">\n\t\t\t\t\t\t\t<div class=\"elementor-divider\">\n\t\t\t<span class=\"elementor-divider-separator\">\n\t\t\t\t\t\t<\/span>\n\t\t<\/div>\n\t\t\t\t\t\t<\/div>\n\t\t\t\t<\/div>\n\t\t<div class=\"elementor-element elementor-element-7b9ee77 e-con-full e-flex e-con e-child\" data-id=\"7b9ee77\" data-element_type=\"container\">\n\t\t<div class=\"elementor-element elementor-element-8c905d7 e-con-full e-flex e-con e-child\" data-id=\"8c905d7\" data-element_type=\"container\">\n\t\t<div class=\"elementor-element elementor-element-5e82995 e-con-full e-flex e-con e-child\" data-id=\"5e82995\" data-element_type=\"container\">\n\t\t\t\t<div class=\"elementor-element elementor-element-e35cda6 elementor-widget__width-initial elementor-widget elementor-widget-heading\" data-id=\"e35cda6\" data-element_type=\"widget\" data-widget_type=\"heading.default\">\n\t\t\t\t<div class=\"elementor-widget-container\">\n\t\t\t\t\t<h1 class=\"elementor-heading-title elementor-size-default\">NileXpress Pro<\/h1>\t\t\t\t<\/div>\n\t\t\t\t<\/div>\n\t\t\t\t<div class=\"elementor-element elementor-element-f5a0109 elementor-widget elementor-widget-text-editor\" data-id=\"f5a0109\" data-element_type=\"widget\" data-widget_type=\"text-editor.default\">\n\t\t\t\t<div class=\"elementor-widget-container\">\n\t\t\t\t\t\t\t\t\t<p>Agile case management from the outset<\/p>\t\t\t\t\t\t\t\t<\/div>\n\t\t\t\t<\/div>\n\t\t\t\t<\/div>\n\t\t<div class=\"elementor-element elementor-element-fca215d e-grid e-con-full e-con e-child\" data-id=\"fca215d\" data-element_type=\"container\">\n\t\t\t\t<div class=\"elementor-element elementor-element-6dfe64c elementor-widget elementor-widget-image\" data-id=\"6dfe64c\" data-element_type=\"widget\" data-widget_type=\"image.default\">\n\t\t\t\t<div class=\"elementor-widget-container\">\n\t\t\t\t\t\t\t\t\t\t\t\t\t\t\t<img fetchpriority=\"high\" decoding=\"async\" width=\"299\" height=\"269\" src=\"https:\/\/nilex.se\/wp-content\/uploads\/2025\/07\/nilex-pro2-1-2-1.png\" class=\"attachment-full size-full wp-image-3177\" alt=\"\" \/>\t\t\t\t\t\t\t\t\t\t\t\t\t\t\t<\/div>\n\t\t\t\t<\/div>\n\t\t\t\t<\/div>\n\t\t\t\t<\/div>\n\t\t\t\t<\/div>\n\t\t\t\t<\/div>\n\t\t\t\t<\/div>\n\t\t<div class=\"elementor-element elementor-element-a09953b e-con-full e-flex e-con e-parent\" data-id=\"a09953b\" data-element_type=\"container\" data-settings=\"{&quot;background_background&quot;:&quot;classic&quot;}\">\n\t\t\t\t<div class=\"elementor-element elementor-element-6590f24 elementor-widget__width-inherit elementor-widget elementor-widget-heading\" data-id=\"6590f24\" data-element_type=\"widget\" data-widget_type=\"heading.default\">\n\t\t\t\t<div class=\"elementor-widget-container\">\n\t\t\t\t\t<h2 class=\"elementor-heading-title elementor-size-default\">Nilex PRO in figures\n<\/h2>\t\t\t\t<\/div>\n\t\t\t\t<\/div>\n\t\t<div class=\"elementor-element elementor-element-b290931 e-con-full e-flex e-con e-child\" data-id=\"b290931\" data-element_type=\"container\">\n\t\t<div class=\"elementor-element elementor-element-ae69bd9 e-con-full e-flex e-con e-child\" data-id=\"ae69bd9\" data-element_type=\"container\" data-settings=\"{&quot;background_background&quot;:&quot;classic&quot;}\">\n\t\t\t\t<div class=\"elementor-element elementor-element-fdadba2 elementor-widget elementor-widget-counter\" data-id=\"fdadba2\" data-element_type=\"widget\" data-widget_type=\"counter.default\">\n\t\t\t\t<div class=\"elementor-widget-container\">\n\t\t\t\t\t\t\t<div class=\"elementor-counter\">\n\t\t\t\t\t\t<div class=\"elementor-counter-number-wrapper\">\n\t\t\t\t<span class=\"elementor-counter-number-prefix\"><\/span>\n\t\t\t\t<span class=\"elementor-counter-number\" data-duration=\"2000\" data-to-value=\"5000\" data-from-value=\"0\" data-delimiter=\",\">0<\/span>\n\t\t\t\t<span class=\"elementor-counter-number-suffix\"><\/span>\n\t\t\t<\/div>\n\t\t<\/div>\n\t\t\t\t\t\t<\/div>\n\t\t\t\t<\/div>\n\t\t\t\t<div class=\"elementor-element elementor-element-d8f9136 elementor-widget elementor-widget-text-editor\" data-id=\"d8f9136\" data-element_type=\"widget\" data-widget_type=\"text-editor.default\">\n\t\t\t\t<div class=\"elementor-widget-container\">\n\t\t\t\t\t\t\t\t\t<p>Furnishings<\/p>\t\t\t\t\t\t\t\t<\/div>\n\t\t\t\t<\/div>\n\t\t\t\t<\/div>\n\t\t<div class=\"elementor-element elementor-element-1ef31e0 e-con-full e-flex e-con e-child\" data-id=\"1ef31e0\" data-element_type=\"container\" data-settings=\"{&quot;background_background&quot;:&quot;classic&quot;}\">\n\t\t\t\t<div class=\"elementor-element elementor-element-0b568d9 elementor-widget elementor-widget-counter\" data-id=\"0b568d9\" data-element_type=\"widget\" data-widget_type=\"counter.default\">\n\t\t\t\t<div class=\"elementor-widget-container\">\n\t\t\t\t\t\t\t<div class=\"elementor-counter\">\n\t\t\t\t\t\t<div class=\"elementor-counter-number-wrapper\">\n\t\t\t\t<span class=\"elementor-counter-number-prefix\"><\/span>\n\t\t\t\t<span class=\"elementor-counter-number\" data-duration=\"2000\" data-to-value=\"35\" data-from-value=\"0\" data-delimiter=\",\">0<\/span>\n\t\t\t\t<span class=\"elementor-counter-number-suffix\"><\/span>\n\t\t\t<\/div>\n\t\t<\/div>\n\t\t\t\t\t\t<\/div>\n\t\t\t\t<\/div>\n\t\t\t\t<div class=\"elementor-element elementor-element-0c74e23 elementor-widget-laptop__width-inherit elementor-widget elementor-widget-text-editor\" data-id=\"0c74e23\" data-element_type=\"widget\" data-widget_type=\"text-editor.default\">\n\t\t\t\t<div class=\"elementor-widget-container\">\n\t\t\t\t\t\t\t\t\t<p>Features<\/p>\t\t\t\t\t\t\t\t<\/div>\n\t\t\t\t<\/div>\n\t\t\t\t<\/div>\n\t\t<div class=\"elementor-element elementor-element-1ea8663 e-con-full e-flex e-con e-child\" data-id=\"1ea8663\" data-element_type=\"container\" data-settings=\"{&quot;background_background&quot;:&quot;classic&quot;}\">\n\t\t\t\t<div class=\"elementor-element elementor-element-57b22a8 elementor-widget elementor-widget-counter\" data-id=\"57b22a8\" data-element_type=\"widget\" data-widget_type=\"counter.default\">\n\t\t\t\t<div class=\"elementor-widget-container\">\n\t\t\t\t\t\t\t<div class=\"elementor-counter\">\n\t\t\t\t\t\t<div class=\"elementor-counter-number-wrapper\">\n\t\t\t\t<span class=\"elementor-counter-number-prefix\"><\/span>\n\t\t\t\t<span class=\"elementor-counter-number\" data-duration=\"2000\" data-to-value=\"100\" data-from-value=\"0\" data-delimiter=\",\">0<\/span>\n\t\t\t\t<span class=\"elementor-counter-number-suffix\">%<\/span>\n\t\t\t<\/div>\n\t\t<\/div>\n\t\t\t\t\t\t<\/div>\n\t\t\t\t<\/div>\n\t\t\t\t<div class=\"elementor-element elementor-element-26d6c8d elementor-widget-laptop__width-inherit elementor-widget elementor-widget-text-editor\" data-id=\"26d6c8d\" data-element_type=\"widget\" data-widget_type=\"text-editor.default\">\n\t\t\t\t<div class=\"elementor-widget-container\">\n\t\t\t\t\t\t\t\t\t<p>\u00a0ITIL compliant<\/p>\t\t\t\t\t\t\t\t<\/div>\n\t\t\t\t<\/div>\n\t\t\t\t<\/div>\n\t\t<div class=\"elementor-element elementor-element-4b85936 e-con-full industriesSliderDiv2 e-flex e-con e-child\" data-id=\"4b85936\" data-element_type=\"container\">\n\t\t\t\t<div class=\"elementor-element elementor-element-e55c6a6 elementor-view-default elementor-widget elementor-widget-icon\" data-id=\"e55c6a6\" data-element_type=\"widget\" data-widget_type=\"icon.default\">\n\t\t\t\t<div class=\"elementor-widget-container\">\n\t\t\t\t\t\t\t<div class=\"elementor-icon-wrapper\">\n\t\t\t<div class=\"elementor-icon\">\n\t\t\t<svg xmlns=\"http:\/\/www.w3.org\/2000\/svg\" width=\"61\" height=\"60\" viewBox=\"0 0 61 60\" fill=\"none\"><path d=\"M14.5625 41.25L30.5 40.3125L46.4375 41.25H47.0131C47.2556 41.25 47.4881 41.295 47.7106 41.385L55.01 44.3044C56.06 44.7244 56.75 45.7425 56.75 46.875H4.25C4.25 45.7425 4.94 44.7244 5.99 44.3044L13.2894 41.3831C13.5113 41.2947 13.748 41.2495 13.9869 41.25H14.5625Z\" fill=\"url(#paint0_linear_3854_2253)\"><\/path><path d=\"M6.125 45C5.62772 45 5.15081 45.1975 4.79917 45.5492C4.44754 45.9008 4.25 46.3777 4.25 46.875C4.25 47.3723 4.44754 47.8492 4.79917 48.2008C5.15081 48.5525 5.62772 48.75 6.125 48.75H54.875C55.3723 48.75 55.8492 48.5525 56.2008 48.2008C56.5525 47.8492 56.75 47.3723 56.75 46.875C56.75 46.3777 56.5525 45.9008 56.2008 45.5492C55.8492 45.1975 55.3723 45 54.875 45H6.125Z\" fill=\"url(#paint1_linear_3854_2253)\"><\/path><path d=\"M8 17.3438C8 15.7276 8.64202 14.1776 9.78482 13.0348C10.9276 11.892 12.4776 11.25 14.0938 11.25H46.9062C47.7065 11.25 48.4989 11.4076 49.2382 11.7139C49.9776 12.0201 50.6493 12.469 51.2152 13.0348C51.781 13.6007 52.2299 14.2724 52.5361 15.0118C52.8424 15.7511 53 16.5435 53 17.3438V35.1562C53 35.9565 52.8424 36.7489 52.5361 37.4882C52.2299 38.2276 51.781 38.8993 51.2152 39.4652C50.6493 40.031 49.9776 40.4799 49.2382 40.7861C48.4989 41.0924 47.7065 41.25 46.9062 41.25H14.0938C13.2935 41.25 12.5011 41.0924 11.7618 40.7861C11.0224 40.4799 10.3507 40.031 9.78482 39.4652C9.21896 38.8993 8.7701 38.2276 8.46386 37.4882C8.15762 36.7489 8 35.9565 8 35.1562V17.3438Z\" fill=\"url(#paint2_linear_3854_2253)\"><\/path><path d=\"M14.0938 11.25C12.4776 11.25 10.9276 11.892 9.78482 13.0348C8.64202 14.1776 8 15.7276 8 17.3438V35.1562C8 35.9565 8.15762 36.7489 8.46386 37.4882C8.7701 38.2276 9.21896 38.8993 9.78482 39.4652C10.3507 40.031 11.0224 40.4799 11.7618 40.7861C12.5011 41.0924 13.2935 41.25 14.0938 41.25H13.9869C13.7479 41.2501 13.5111 41.296 13.2894 41.385L5.99 44.3044C4.94 44.7244 4.25 45.7425 4.25 46.875C4.25 47.3723 4.44754 47.8492 4.79917 48.2008C5.15081 48.5525 5.62772 48.75 6.125 48.75H54.875C55.3723 48.75 55.8492 48.5525 56.2008 48.2008C56.5525 47.8492 56.75 47.3723 56.75 46.875C56.75 45.7425 56.06 44.7244 55.01 44.3044L47.7106 41.3831C47.4887 41.2947 47.252 41.2495 47.0131 41.25H46.9062C47.7065 41.25 48.4989 41.0924 49.2382 40.7861C49.9776 40.4799 50.6493 40.031 51.2152 39.4652C51.781 38.8993 52.2299 38.2276 52.5361 37.4882C52.8424 36.7489 53 35.9565 53 35.1562V17.3438C53 16.5435 52.8424 15.7511 52.5361 15.0118C52.2299 14.2724 51.781 13.6007 51.2152 13.0348C50.6493 12.469 49.9776 12.0201 49.2382 11.7139C48.4989 11.4076 47.7065 11.25 46.9062 11.25H14.0938Z\" fill=\"url(#paint3_radial_3854_2253)\" fill-opacity=\"0.3\"><\/path><path d=\"M4.25 24.375C4.25 22.8832 4.84263 21.4524 5.89752 20.3975C6.95242 19.3426 8.38316 18.75 9.875 18.75H21.125C22.6168 18.75 24.0476 19.3426 25.1025 20.3975C26.1574 21.4524 26.75 22.8832 26.75 24.375V46.875C26.75 48.3668 26.1574 49.7976 25.1025 50.8525C24.0476 51.9074 22.6168 52.5 21.125 52.5H9.875C8.38316 52.5 6.95242 51.9074 5.89752 50.8525C4.84263 49.7976 4.25 48.3668 4.25 46.875V24.375Z\" fill=\"url(#paint4_radial_3854_2253)\"><\/path><path d=\"M17.375 43.125H13.625C12.5895 43.125 11.75 43.9645 11.75 45C11.75 46.0355 12.5895 46.875 13.625 46.875H17.375C18.4105 46.875 19.25 46.0355 19.25 45C19.25 43.9645 18.4105 43.125 17.375 43.125Z\" fill=\"url(#paint5_radial_3854_2253)\"><\/path><defs><linearGradient id=\"paint0_linear_3854_2253\" x1=\"56.5869\" y1=\"50.7581\" x2=\"52.2819\" y2=\"30.795\" gradientUnits=\"userSpaceOnUse\"><stop stop-color=\"#63686E\"><\/stop><stop offset=\"1\" stop-color=\"#889096\"><\/stop><\/linearGradient><linearGradient id=\"paint1_linear_3854_2253\" x1=\"56.75\" y1=\"48.4819\" x2=\"56.255\" y2=\"41.5538\" gradientUnits=\"userSpaceOnUse\"><stop stop-color=\"#889096\"><\/stop><stop offset=\"1\" stop-color=\"#AAB3BD\"><\/stop><\/linearGradient><linearGradient id=\"paint2_linear_3854_2253\" x1=\"39.5\" y1=\"11.25\" x2=\"41.1669\" y2=\"45.5756\" gradientUnits=\"userSpaceOnUse\"><stop stop-color=\"#6CE0FF\"><\/stop><stop offset=\"1\" stop-color=\"#4894FE\"><\/stop><\/linearGradient><radialGradient id=\"paint3_radial_3854_2253\" cx=\"0\" cy=\"0\" r=\"1\" gradientUnits=\"userSpaceOnUse\" gradientTransform=\"translate(23 41.25) scale(8.4375 24.375)\"><stop offset=\"0.009\" stop-color=\"#4A43CB\"><\/stop><stop offset=\"0.325\" stop-color=\"#4A43CB\"><\/stop><stop offset=\"1\" stop-color=\"#4A43CB\" stop-opacity=\"0\"><\/stop><\/radialGradient><radialGradient id=\"paint4_radial_3854_2253\" cx=\"0\" cy=\"0\" r=\"1\" gradientUnits=\"userSpaceOnUse\" gradientTransform=\"translate(-1.3751 7.1481) rotate(60.631) scale(55.9127 113.095)\"><stop stop-color=\"#F08AF4\"><\/stop><stop offset=\"0.535\" stop-color=\"#9C6CFE\"><\/stop><stop offset=\"1\" stop-color=\"#4E44DB\"><\/stop><\/radialGradient><radialGradient id=\"paint5_radial_3854_2253\" cx=\"0\" cy=\"0\" r=\"1\" gradientUnits=\"userSpaceOnUse\" gradientTransform=\"translate(10.58 43.3744) rotate(53.319) scale(11.3782 13.0405)\"><stop stop-color=\"#DECBFF\"><\/stop><stop offset=\"1\" stop-color=\"#D6CFFF\"><\/stop><\/radialGradient><\/defs><\/svg>\t\t\t<\/div>\n\t\t<\/div>\n\t\t\t\t\t\t<\/div>\n\t\t\t\t<\/div>\n\t\t\t\t<div class=\"elementor-element elementor-element-2ab3390 elementor-widget elementor-widget-text-editor\" data-id=\"2ab3390\" data-element_type=\"widget\" data-widget_type=\"text-editor.default\">\n\t\t\t\t<div class=\"elementor-widget-container\">\n\t\t\t\t\t\t\t\t\t<p>Intelligent business rules<\/p>\t\t\t\t\t\t\t\t<\/div>\n\t\t\t\t<\/div>\n\t\t\t\t<div class=\"elementor-element elementor-element-82f6509 elementor-widget elementor-widget-text-editor\" data-id=\"82f6509\" data-element_type=\"widget\" data-widget_type=\"text-editor.default\">\n\t\t\t\t<div class=\"elementor-widget-container\">\n\t\t\t\t\t\t\t\t\t<div>Build advanced workflows and dynamic controls. Automatic field filling, smart approval processes, and automatic notifications.<\/div>\t\t\t\t\t\t\t\t<\/div>\n\t\t\t\t<\/div>\n\t\t\t\t<\/div>\n\t\t\t\t<\/div>\n\t\t\t\t<\/div>\n\t\t<div class=\"elementor-element elementor-element-1d2e02c e-con-full e-flex elementor-invisible e-con e-parent\" data-id=\"1d2e02c\" data-element_type=\"container\" data-settings=\"{&quot;background_background&quot;:&quot;classic&quot;,&quot;animation&quot;:&quot;fadeIn&quot;}\">\n\t\t\t\t<div class=\"elementor-element elementor-element-953ae7e elementor-widget elementor-widget-text-editor\" data-id=\"953ae7e\" data-element_type=\"widget\" data-widget_type=\"text-editor.default\">\n\t\t\t\t<div class=\"elementor-widget-container\">\n\t\t\t\t\t\t\t\t\t<p>Nilex PRO offers support for IT Service Management (ITSM) and Enterprise Service Management. The solution is designed to suit both medium-sized businesses that want to automate their work processes and organisations that need ITIL4 support.<\/p><p>\u00a0<\/p><p><strong>With Nilex PRO, you get:<\/strong><\/p><ul><li>All the modules you need to manage complex workflows.<\/li><li>Full support for ITIL 4 processes for efficient and modern case management.<\/li><li>Agile case management with flexible workflows that support rapid and continuous improvements in your organisation.<\/li><li>Transparent pricing that fits your budget.<\/li><li>The ability to easily add business processes and use cases, so that the service grows with your needs.<\/li><li>Full flexibility to choose between cloud service or local installation.<\/li><li>A powerful reporting engine and advanced asset management, including network scanning.<\/li><li>Support for 35 functions and management of up to 5,000 assets.<\/li><li>Customised self-service portal where you control content, colours, fonts and logos \u2013 all according to customer needs.<\/li><\/ul><p>\u00a0<\/p><p>Flexible and scalable. Add other Nilex modules such as digital signing, Connectors or Kanban to your Enterprise Service Management plan.<\/p>\t\t\t\t\t\t\t\t<\/div>\n\t\t\t\t<\/div>\n\t\t\t\t<div class=\"elementor-element elementor-element-115677d elementor-widget elementor-widget-spacer\" data-id=\"115677d\" data-element_type=\"widget\" data-widget_type=\"spacer.default\">\n\t\t\t\t<div class=\"elementor-widget-container\">\n\t\t\t\t\t\t\t<div class=\"elementor-spacer\">\n\t\t\t<div class=\"elementor-spacer-inner\"><\/div>\n\t\t<\/div>\n\t\t\t\t\t\t<\/div>\n\t\t\t\t<\/div>\n\t\t\t\t<\/div>\n\t\t<div class=\"elementor-element elementor-element-ebda91d e-con-full e-flex elementor-invisible e-con e-parent\" data-id=\"ebda91d\" data-element_type=\"container\" data-settings=\"{&quot;background_background&quot;:&quot;classic&quot;,&quot;animation&quot;:&quot;fadeIn&quot;}\">\n\t\t<div class=\"elementor-element elementor-element-e2ddd57 e-con-full e-flex e-con e-child\" data-id=\"e2ddd57\" data-element_type=\"container\" data-settings=\"{&quot;background_background&quot;:&quot;classic&quot;}\">\n\t\t\t\t<div class=\"elementor-element elementor-element-eb5f71b elementor-widget__width-initial elementor-widget elementor-widget-heading\" data-id=\"eb5f71b\" data-element_type=\"widget\" data-widget_type=\"heading.default\">\n\t\t\t\t<div class=\"elementor-widget-container\">\n\t\t\t\t\t<h3 class=\"elementor-heading-title elementor-size-default\">Book a digital demo of Nilex<\/h3>\t\t\t\t<\/div>\n\t\t\t\t<\/div>\n\t\t\t\t<div class=\"elementor-element elementor-element-50d716b elementor-widget__width-initial elementor-widget elementor-widget-text-editor\" data-id=\"50d716b\" data-element_type=\"widget\" data-widget_type=\"text-editor.default\">\n\t\t\t\t<div class=\"elementor-widget-container\">\n\t\t\t\t\t\t\t\t\t<p style=\"text-align: center;\"><span style=\"color: #ffffff;\">Thank you for your interest in Nilex! Fill in your contact details and we will contact you for a free demo.<\/span><\/p>\t\t\t\t\t\t\t\t<\/div>\n\t\t\t\t<\/div>\n\t\t\t\t<div class=\"elementor-element elementor-element-ada1f02 elementor-align-center elementor-mobile-align-left elementor-tablet-align-center elementor-widget-tablet__width-initial elementor-widget elementor-widget-button\" data-id=\"ada1f02\" data-element_type=\"widget\" data-widget_type=\"button.default\">\n\t\t\t\t<div class=\"elementor-widget-container\">\n\t\t\t\t\t\t\t\t\t<div class=\"elementor-button-wrapper\">\n\t\t\t\t\t<a class=\"elementor-button elementor-button-link elementor-size-sm\" href=\"https:\/\/nilex.se\/en\/?page_id=44\">\n\t\t\t\t\t\t<span class=\"elementor-button-content-wrapper\">\n\t\t\t\t\t\t<span class=\"elementor-button-icon\">\n\t\t\t\t<svg xmlns=\"http:\/\/www.w3.org\/2000\/svg\" width=\"32\" height=\"32\" viewBox=\"0 0 32 32\" fill=\"none\"><rect x=\"32.001\" y=\"-6.10352e-05\" width=\"32\" height=\"32\" rx=\"16\" transform=\"rotate(90 32.001 -6.10352e-05)\" fill=\"#0B2A47\"><\/rect><path d=\"M23.7803 16.0001L23.3332 15.5322L17.8011 10.0001L16.8646 10.9367L21.2785 15.3493L8.22154 15.3493V16.651L21.2791 16.651L16.8652 21.0642L17.8011 22.0001L23.3332 16.4681L23.7803 16.0001Z\" fill=\"white\"><\/path><\/svg>\t\t\t<\/span>\n\t\t\t\t\t\t\t\t\t<span class=\"elementor-button-text\">Book a demo<\/span>\n\t\t\t\t\t<\/span>\n\t\t\t\t\t<\/a>\n\t\t\t\t<\/div>\n\t\t\t\t\t\t\t\t<\/div>\n\t\t\t\t<\/div>\n\t\t\t\t<\/div>\n\t\t\t\t<\/div>\n\t\t\t\t<\/div>\n\t\t","protected":false},"excerpt":{"rendered":"<p>NileXpress Pro Agile case management from the outset Nilex PRO in figures 0 Furnishings 0 Features 0 % \u00a0ITIL compliant Intelligent business rules Build advanced workflows and dynamic controls. Automatic field filling, smart approval processes, and automatic notifications. Nilex PRO offers support for IT Service Management (ITSM) and Enterprise Service Management. The solution is designed [&hellip;]<\/p>\n","protected":false},"author":1,"featured_media":0,"parent":0,"menu_order":0,"comment_status":"closed","ping_status":"closed","template":"elementor_header_footer","meta":{"inline_featured_image":false,"footnotes":""},"class_list":["post-5278","page","type-page","status-publish","hentry"],"yoast_head":"<!-- This site is optimized with the Yoast SEO plugin v27.3 - https:\/\/yoast.com\/product\/yoast-seo-wordpress\/ -->\n<title>Nilex PRO\u00ae | Nilex<\/title>\n<meta name=\"robots\" content=\"index, follow, max-snippet:-1, max-image-preview:large, max-video-preview:-1\" \/>\n<link rel=\"canonical\" href=\"https:\/\/nilex.se\/en\/nilex-pro\/\" \/>\n<meta property=\"og:locale\" content=\"en_US\" \/>\n<meta property=\"og:type\" content=\"article\" \/>\n<meta property=\"og:title\" content=\"Nilex PRO\u00ae | Nilex\" \/>\n<meta property=\"og:description\" content=\"NileXpress Pro Agile case management from the outset Nilex PRO in figures 0 Furnishings 0 Features 0 % \u00a0ITIL compliant Intelligent business rules Build advanced workflows and dynamic controls. Automatic field filling, smart approval processes, and automatic notifications. Nilex PRO offers support for IT Service Management (ITSM) and Enterprise Service Management. The solution is designed [&hellip;]\" \/>\n<meta property=\"og:url\" content=\"https:\/\/nilex.se\/en\/nilex-pro\/\" \/>\n<meta property=\"og:site_name\" content=\"Nilex\" \/>\n<meta property=\"article:modified_time\" content=\"2026-02-12T08:35:24+00:00\" \/>\n<meta property=\"og:image\" content=\"https:\/\/nilex.se\/wp-content\/uploads\/2025\/07\/nilex-pro2-1-2-1.png\" \/>\n\t<meta property=\"og:image:width\" content=\"299\" \/>\n\t<meta property=\"og:image:height\" content=\"269\" \/>\n\t<meta property=\"og:image:type\" content=\"image\/png\" \/>\n<meta name=\"twitter:card\" content=\"summary_large_image\" \/>\n<meta name=\"twitter:label1\" content=\"Est. reading time\" \/>\n\t<meta name=\"twitter:data1\" content=\"2 minutes\" \/>\n<!-- \/ Yoast SEO plugin. -->","yoast_head_json":{"title":"Nilex PRO\u00ae | Nilex","robots":{"index":"index","follow":"follow","max-snippet":"max-snippet:-1","max-image-preview":"max-image-preview:large","max-video-preview":"max-video-preview:-1"},"canonical":"https:\/\/nilex.se\/en\/nilex-pro\/","og_locale":"en_US","og_type":"article","og_title":"Nilex PRO\u00ae | Nilex","og_description":"NileXpress Pro Agile case management from the outset Nilex PRO in figures 0 Furnishings 0 Features 0 % \u00a0ITIL compliant Intelligent business rules Build advanced workflows and dynamic controls. Automatic field filling, smart approval processes, and automatic notifications. Nilex PRO offers support for IT Service Management (ITSM) and Enterprise Service Management. The solution is designed [&hellip;]","og_url":"https:\/\/nilex.se\/en\/nilex-pro\/","og_site_name":"Nilex","article_modified_time":"2026-02-12T08:35:24+00:00","og_image":[{"width":299,"height":269,"url":"https:\/\/nilex.se\/wp-content\/uploads\/2025\/07\/nilex-pro2-1-2-1.png","type":"image\/png"}],"twitter_card":"summary_large_image","twitter_misc":{"Est. reading time":"2 minutes"},"schema":{"@context":"https:\/\/schema.org","@graph":[{"@type":"WebPage","@id":"https:\/\/nilex.se\/en\/nilex-pro\/","url":"https:\/\/nilex.se\/en\/nilex-pro\/","name":"Nilex PRO\u00ae | Nilex","isPartOf":{"@id":"https:\/\/nilex.se\/en\/#website"},"primaryImageOfPage":{"@id":"https:\/\/nilex.se\/en\/nilex-pro\/#primaryimage"},"image":{"@id":"https:\/\/nilex.se\/en\/nilex-pro\/#primaryimage"},"thumbnailUrl":"https:\/\/nilex.se\/wp-content\/uploads\/2025\/07\/nilex-pro2-1-2-1.png","datePublished":"2025-07-27T19:09:00+00:00","dateModified":"2026-02-12T08:35:24+00:00","breadcrumb":{"@id":"https:\/\/nilex.se\/en\/nilex-pro\/#breadcrumb"},"inLanguage":"en-US","potentialAction":[{"@type":"ReadAction","target":["https:\/\/nilex.se\/en\/nilex-pro\/"]}]},{"@type":"ImageObject","inLanguage":"en-US","@id":"https:\/\/nilex.se\/en\/nilex-pro\/#primaryimage","url":"https:\/\/nilex.se\/wp-content\/uploads\/2025\/07\/nilex-pro2-1-2-1.png","contentUrl":"https:\/\/nilex.se\/wp-content\/uploads\/2025\/07\/nilex-pro2-1-2-1.png"},{"@type":"BreadcrumbList","@id":"https:\/\/nilex.se\/en\/nilex-pro\/#breadcrumb","itemListElement":[{"@type":"ListItem","position":1,"name":"Hem","item":"https:\/\/nilex.se\/en\/"},{"@type":"ListItem","position":2,"name":"Nilex PRO\u00ae"}]},{"@type":"WebSite","@id":"https:\/\/nilex.se\/en\/#website","url":"https:\/\/nilex.se\/en\/","name":"Nilex","description":"\u00c4rendehanteringssystem som f\u00f6rvandlar din organisation med automatisk \u00e4rendeprioritering","publisher":{"@id":"https:\/\/nilex.se\/en\/#organization"},"potentialAction":[{"@type":"SearchAction","target":{"@type":"EntryPoint","urlTemplate":"https:\/\/nilex.se\/en\/?s={search_term_string}"},"query-input":{"@type":"PropertyValueSpecification","valueRequired":true,"valueName":"search_term_string"}}],"inLanguage":"en-US"},{"@type":"Organization","@id":"https:\/\/nilex.se\/en\/#organization","name":"Nilex","url":"https:\/\/nilex.se\/en\/","logo":{"@type":"ImageObject","inLanguage":"en-US","@id":"https:\/\/nilex.se\/en\/#\/schema\/logo\/image\/","url":"https:\/\/new.nilex.se\/wp-content\/uploads\/2025\/06\/logo_nilex.svg","contentUrl":"https:\/\/new.nilex.se\/wp-content\/uploads\/2025\/06\/logo_nilex.svg","width":149,"height":25,"caption":"Nilex"},"image":{"@id":"https:\/\/nilex.se\/en\/#\/schema\/logo\/image\/"}}]}},"_links":{"self":[{"href":"https:\/\/nilex.se\/en\/wp-json\/wp\/v2\/pages\/5278","targetHints":{"allow":["GET"]}}],"collection":[{"href":"https:\/\/nilex.se\/en\/wp-json\/wp\/v2\/pages"}],"about":[{"href":"https:\/\/nilex.se\/en\/wp-json\/wp\/v2\/types\/page"}],"author":[{"embeddable":true,"href":"https:\/\/nilex.se\/en\/wp-json\/wp\/v2\/users\/1"}],"replies":[{"embeddable":true,"href":"https:\/\/nilex.se\/en\/wp-json\/wp\/v2\/comments?post=5278"}],"version-history":[{"count":1,"href":"https:\/\/nilex.se\/en\/wp-json\/wp\/v2\/pages\/5278\/revisions"}],"predecessor-version":[{"id":8972,"href":"https:\/\/nilex.se\/en\/wp-json\/wp\/v2\/pages\/5278\/revisions\/8972"}],"wp:attachment":[{"href":"https:\/\/nilex.se\/en\/wp-json\/wp\/v2\/media?parent=5278"}],"curies":[{"name":"wp","href":"https:\/\/api.w.org\/{rel}","templated":true}]}}