{"id":44,"date":"2025-06-20T13:27:54","date_gmt":"2025-06-20T13:27:54","guid":{"rendered":"https:\/\/new.nilex.se\/book-demo\/"},"modified":"2026-02-12T10:08:29","modified_gmt":"2026-02-12T10:08:29","slug":"book-demo","status":"publish","type":"page","link":"https:\/\/nilex.se\/en\/book-demo\/","title":{"rendered":"Book a demo"},"content":{"rendered":"\t\t<div data-elementor-type=\"wp-page\" data-elementor-id=\"44\" class=\"elementor elementor-44 elementor-42\" data-elementor-post-type=\"page\">\n\t\t\t\t<div class=\"elementor-element elementor-element-f4021cf e-con-full e-flex e-con e-parent\" data-id=\"f4021cf\" data-element_type=\"container\" data-settings=\"{&quot;background_background&quot;:&quot;classic&quot;}\">\n\t\t<div class=\"elementor-element elementor-element-cb67d70 e-con-full e-flex e-con e-child\" data-id=\"cb67d70\" data-element_type=\"container\" data-settings=\"{&quot;background_background&quot;:&quot;classic&quot;}\">\n\t\t\t\t<div class=\"elementor-element elementor-element-6e2fbea elementor-widget elementor-widget-breadcrumbs\" data-id=\"6e2fbea\" data-element_type=\"widget\" data-widget_type=\"breadcrumbs.default\">\n\t\t\t\t<div class=\"elementor-widget-container\">\n\t\t\t\t\t<p id=\"breadcrumbs\"><span><span><a href=\"https:\/\/nilex.se\/en\/\">Hem<\/a><\/span><\/span><\/p>\t\t\t\t<\/div>\n\t\t\t\t<\/div>\n\t\t\t\t<div class=\"elementor-element elementor-element-a1b5b60 elementor-widget-divider--view-line elementor-widget elementor-widget-divider\" data-id=\"a1b5b60\" data-element_type=\"widget\" data-widget_type=\"divider.default\">\n\t\t\t\t<div class=\"elementor-widget-container\">\n\t\t\t\t\t\t\t<div class=\"elementor-divider\">\n\t\t\t<span class=\"elementor-divider-separator\">\n\t\t\t\t\t\t<\/span>\n\t\t<\/div>\n\t\t\t\t\t\t<\/div>\n\t\t\t\t<\/div>\n\t\t<div class=\"elementor-element elementor-element-2cee2dc e-con-full e-flex e-con e-child\" data-id=\"2cee2dc\" data-element_type=\"container\">\n\t\t<div class=\"elementor-element elementor-element-1564cd3 e-con-full e-flex e-con e-child\" data-id=\"1564cd3\" data-element_type=\"container\">\n\t\t\t\t<div class=\"elementor-element elementor-element-4f56fae elementor-widget elementor-widget-heading\" data-id=\"4f56fae\" data-element_type=\"widget\" data-widget_type=\"heading.default\">\n\t\t\t\t<div class=\"elementor-widget-container\">\n\t\t\t\t\t<h1 class=\"elementor-heading-title elementor-size-default\">Book a demo <span style=\"color: #4ade80;text-decoration: underline\">with us<\/span><\/h1>\t\t\t\t<\/div>\n\t\t\t\t<\/div>\n\t\t\t\t<div class=\"elementor-element elementor-element-3de166c elementor-widget__width-initial elementor-widget-laptop__width-inherit elementor-widget elementor-widget-text-editor\" data-id=\"3de166c\" data-element_type=\"widget\" data-widget_type=\"text-editor.default\">\n\t\t\t\t<div class=\"elementor-widget-container\">\n\t\t\t\t\t\t\t\t\t<p>Discover how Nilex can simplify your everyday life with smart workflows.<\/p>\t\t\t\t\t\t\t\t<\/div>\n\t\t\t\t<\/div>\n\t\t\t\t<div class=\"elementor-element elementor-element-124deec elementor-icon-list--layout-traditional elementor-list-item-link-full_width elementor-widget elementor-widget-icon-list\" data-id=\"124deec\" data-element_type=\"widget\" data-widget_type=\"icon-list.default\">\n\t\t\t\t<div class=\"elementor-widget-container\">\n\t\t\t\t\t\t\t<ul class=\"elementor-icon-list-items\">\n\t\t\t\t\t\t\t<li class=\"elementor-icon-list-item\">\n\t\t\t\t\t\t\t\t\t\t\t<span class=\"elementor-icon-list-icon\">\n\t\t\t\t\t\t\t<svg xmlns=\"http:\/\/www.w3.org\/2000\/svg\" width=\"40\" height=\"40\" viewBox=\"0 0 40 40\" fill=\"none\"><path fill-rule=\"evenodd\" clip-rule=\"evenodd\" d=\"M20.0001 35.0002C21.9699 35.0002 23.9204 34.6122 25.7403 33.8583C27.5602 33.1045 29.2138 31.9996 30.6067 30.6068C31.9996 29.2139 33.1044 27.5603 33.8583 25.7404C34.6121 23.9205 35.0001 21.97 35.0001 20.0002C35.0001 18.0303 34.6121 16.0798 33.8583 14.2599C33.1044 12.44 31.9996 10.7864 30.6067 9.39355C29.2138 8.00067 27.5602 6.89578 25.7403 6.14196C23.9204 5.38814 21.9699 5.00015 20.0001 5.00015C16.0218 5.00015 12.2065 6.5805 9.39347 9.39355C6.58043 12.2066 5.00007 16.0219 5.00007 20.0002C5.00007 23.9784 6.58043 27.7937 9.39347 30.6068C12.2065 33.4198 16.0218 35.0002 20.0001 35.0002ZM19.6134 26.0668L27.9467 16.0668L25.3867 13.9335L18.2201 22.5318L14.5117 18.8218L12.1551 21.1785L17.1551 26.1785L18.4451 27.4685L19.6134 26.0668Z\" fill=\"#4ADE80\"><\/path><\/svg>\t\t\t\t\t\t<\/span>\n\t\t\t\t\t\t\t\t\t\t<span class=\"elementor-icon-list-text\">Swedish-speaking expert assistance and management are always included<\/span>\n\t\t\t\t\t\t\t\t\t<\/li>\n\t\t\t\t\t\t\t\t<li class=\"elementor-icon-list-item\">\n\t\t\t\t\t\t\t\t\t\t\t<span class=\"elementor-icon-list-icon\">\n\t\t\t\t\t\t\t<svg xmlns=\"http:\/\/www.w3.org\/2000\/svg\" width=\"40\" height=\"40\" viewBox=\"0 0 40 40\" fill=\"none\"><path fill-rule=\"evenodd\" clip-rule=\"evenodd\" d=\"M20.0001 35.0002C21.9699 35.0002 23.9204 34.6122 25.7403 33.8583C27.5602 33.1045 29.2138 31.9996 30.6067 30.6068C31.9996 29.2139 33.1044 27.5603 33.8583 25.7404C34.6121 23.9205 35.0001 21.97 35.0001 20.0002C35.0001 18.0303 34.6121 16.0798 33.8583 14.2599C33.1044 12.44 31.9996 10.7864 30.6067 9.39355C29.2138 8.00067 27.5602 6.89578 25.7403 6.14196C23.9204 5.38814 21.9699 5.00015 20.0001 5.00015C16.0218 5.00015 12.2065 6.5805 9.39347 9.39355C6.58043 12.2066 5.00007 16.0219 5.00007 20.0002C5.00007 23.9784 6.58043 27.7937 9.39347 30.6068C12.2065 33.4198 16.0218 35.0002 20.0001 35.0002ZM19.6134 26.0668L27.9467 16.0668L25.3867 13.9335L18.2201 22.5318L14.5117 18.8218L12.1551 21.1785L17.1551 26.1785L18.4451 27.4685L19.6134 26.0668Z\" fill=\"#4ADE80\"><\/path><\/svg>\t\t\t\t\t\t<\/span>\n\t\t\t\t\t\t\t\t\t\t<span class=\"elementor-icon-list-text\">Data security with ISO27001 certification. Nilex is a Swedish provider that ensures GDPR compliance without uncertainty regarding third-country transfers.<\/span>\n\t\t\t\t\t\t\t\t\t<\/li>\n\t\t\t\t\t\t\t\t<li class=\"elementor-icon-list-item\">\n\t\t\t\t\t\t\t\t\t\t\t<span class=\"elementor-icon-list-icon\">\n\t\t\t\t\t\t\t<svg xmlns=\"http:\/\/www.w3.org\/2000\/svg\" width=\"40\" height=\"40\" viewBox=\"0 0 40 40\" fill=\"none\"><path fill-rule=\"evenodd\" clip-rule=\"evenodd\" d=\"M20.0001 35.0002C21.9699 35.0002 23.9204 34.6122 25.7403 33.8583C27.5602 33.1045 29.2138 31.9996 30.6067 30.6068C31.9996 29.2139 33.1044 27.5603 33.8583 25.7404C34.6121 23.9205 35.0001 21.97 35.0001 20.0002C35.0001 18.0303 34.6121 16.0798 33.8583 14.2599C33.1044 12.44 31.9996 10.7864 30.6067 9.39355C29.2138 8.00067 27.5602 6.89578 25.7403 6.14196C23.9204 5.38814 21.9699 5.00015 20.0001 5.00015C16.0218 5.00015 12.2065 6.5805 9.39347 9.39355C6.58043 12.2066 5.00007 16.0219 5.00007 20.0002C5.00007 23.9784 6.58043 27.7937 9.39347 30.6068C12.2065 33.4198 16.0218 35.0002 20.0001 35.0002ZM19.6134 26.0668L27.9467 16.0668L25.3867 13.9335L18.2201 22.5318L14.5117 18.8218L12.1551 21.1785L17.1551 26.1785L18.4451 27.4685L19.6134 26.0668Z\" fill=\"#4ADE80\"><\/path><\/svg>\t\t\t\t\t\t<\/span>\n\t\t\t\t\t\t\t\t\t\t<span class=\"elementor-icon-list-text\">Resolve issues faster with smart kanban boards. Quickly identify bottlenecks in your workflow.<\/span>\n\t\t\t\t\t\t\t\t\t<\/li>\n\t\t\t\t\t\t<\/ul>\n\t\t\t\t\t\t<\/div>\n\t\t\t\t<\/div>\n\t\t<div class=\"elementor-element elementor-element-6bd7a28 e-con-full e-flex e-con e-child\" data-id=\"6bd7a28\" data-element_type=\"container\">\n\t\t\t\t<div class=\"elementor-element elementor-element-b607d59 elementor-widget elementor-widget-image\" data-id=\"b607d59\" data-element_type=\"widget\" data-widget_type=\"image.default\">\n\t\t\t\t<div class=\"elementor-widget-container\">\n\t\t\t\t\t\t\t\t\t\t\t\t\t\t\t<img decoding=\"async\" width=\"133\" height=\"89\" src=\"https:\/\/nilex.se\/wp-content\/uploads\/2025\/06\/GDPR-scaled-1-1.png\" class=\"attachment-large size-large wp-image-1336\" alt=\"\" \/>\t\t\t\t\t\t\t\t\t\t\t\t\t\t\t<\/div>\n\t\t\t\t<\/div>\n\t\t\t\t<div class=\"elementor-element elementor-element-0fc04fa elementor-widget__width-initial elementor-widget elementor-widget-image\" data-id=\"0fc04fa\" data-element_type=\"widget\" data-widget_type=\"image.default\">\n\t\t\t\t<div class=\"elementor-widget-container\">\n\t\t\t\t\t\t\t\t\t\t\t\t\t\t\t<img decoding=\"async\" src=\"https:\/\/nilex.se\/wp-content\/uploads\/elementor\/thumbs\/serview-ra5jxrhsgdds6n37jtybp61up17t168rgj3je13e4s.jpg\" title=\"serview\" alt=\"serview\" loading=\"lazy\" \/>\t\t\t\t\t\t\t\t\t\t\t\t\t\t\t<\/div>\n\t\t\t\t<\/div>\n\t\t\t\t<div class=\"elementor-element elementor-element-f4d8ca9 elementor-widget elementor-widget-image\" data-id=\"f4d8ca9\" data-element_type=\"widget\" data-widget_type=\"image.default\">\n\t\t\t\t<div class=\"elementor-widget-container\">\n\t\t\t\t\t\t\t\t\t\t\t\t\t\t\t<img decoding=\"async\" width=\"87\" height=\"86\" src=\"https:\/\/nilex.se\/wp-content\/uploads\/2025\/06\/image4-1-2.png\" class=\"attachment-large size-large wp-image-1731\" alt=\"\" \/>\t\t\t\t\t\t\t\t\t\t\t\t\t\t\t<\/div>\n\t\t\t\t<\/div>\n\t\t\t\t<div class=\"elementor-element elementor-element-9ac6c51 elementor-widget elementor-widget-image\" data-id=\"9ac6c51\" data-element_type=\"widget\" data-widget_type=\"image.default\">\n\t\t\t\t<div class=\"elementor-widget-container\">\n\t\t\t\t\t\t\t\t\t\t\t\t\t\t\t<img decoding=\"async\" width=\"245\" height=\"89\" src=\"https:\/\/nilex.se\/wp-content\/uploads\/2025\/06\/images-1-1.png\" class=\"attachment-large size-large wp-image-1342\" alt=\"\" \/>\t\t\t\t\t\t\t\t\t\t\t\t\t\t\t<\/div>\n\t\t\t\t<\/div>\n\t\t\t\t<\/div>\n\t\t\t\t<\/div>\n\t\t<div class=\"elementor-element elementor-element-6fd05a2 e-con-full e-flex e-con e-child\" data-id=\"6fd05a2\" data-element_type=\"container\">\n\t\t\t\t<div class=\"elementor-element elementor-element-672792e elementor-widget elementor-widget-spacer\" data-id=\"672792e\" data-element_type=\"widget\" data-widget_type=\"spacer.default\">\n\t\t\t\t<div class=\"elementor-widget-container\">\n\t\t\t\t\t\t\t<div class=\"elementor-spacer\">\n\t\t\t<div class=\"elementor-spacer-inner\"><\/div>\n\t\t<\/div>\n\t\t\t\t\t\t<\/div>\n\t\t\t\t<\/div>\n\t\t\t\t<div class=\"elementor-element elementor-element-e2abb66 elementor-widget elementor-widget-html\" data-id=\"e2abb66\" data-element_type=\"widget\" data-widget_type=\"html.default\">\n\t\t\t\t<div class=\"elementor-widget-container\">\n\t\t\t\t\t<iframe src=\"https:\/\/pages.upsales.com\/9170u9e19cb51bf794056a3627ff16a42734c-frame\"         width=\"360\"         height=\"367\"         style=\"border:0\"><\/iframe>\t\t\t\t<\/div>\n\t\t\t\t<\/div>\n\t\t\t\t<\/div>\n\t\t\t\t<\/div>\n\t\t\t\t<\/div>\n\t\t\t\t<\/div>\n\t\t<div class=\"elementor-element elementor-element-8542000 e-con-full e-flex e-con e-parent\" data-id=\"8542000\" data-element_type=\"container\" data-settings=\"{&quot;background_background&quot;:&quot;classic&quot;}\">\n\t\t\t\t<div class=\"elementor-element elementor-element-ad4831a elementor-widget elementor-widget-heading\" data-id=\"ad4831a\" data-element_type=\"widget\" data-widget_type=\"heading.default\">\n\t\t\t\t<div class=\"elementor-widget-container\">\n\t\t\t\t\t<h4 class=\"elementor-heading-title elementor-size-default\">We also started with <span style=\"text-decoration: underline\">a demo!<\/span>\u00a0<\/h4>\t\t\t\t<\/div>\n\t\t\t\t<\/div>\n\t\t\t\t<div class=\"elementor-element elementor-element-3997ba9 sponsorCarouselHome elementor-widget elementor-widget-image-carousel\" data-id=\"3997ba9\" data-element_type=\"widget\" data-settings=\"{&quot;slides_to_show&quot;:&quot;10&quot;,&quot;slides_to_show_laptop&quot;:&quot;8&quot;,&quot;slides_to_show_tablet&quot;:&quot;4&quot;,&quot;slides_to_show_mobile&quot;:&quot;2&quot;,&quot;slides_to_scroll&quot;:&quot;1&quot;,&quot;navigation&quot;:&quot;none&quot;,&quot;image_spacing_custom&quot;:{&quot;unit&quot;:&quot;px&quot;,&quot;size&quot;:24,&quot;sizes&quot;:[]},&quot;autoplay_speed&quot;:2000,&quot;autoplay&quot;:&quot;yes&quot;,&quot;pause_on_hover&quot;:&quot;yes&quot;,&quot;pause_on_interaction&quot;:&quot;yes&quot;,&quot;infinite&quot;:&quot;yes&quot;,&quot;speed&quot;:500,&quot;image_spacing_custom_laptop&quot;:{&quot;unit&quot;:&quot;px&quot;,&quot;size&quot;:&quot;&quot;,&quot;sizes&quot;:[]},&quot;image_spacing_custom_tablet&quot;:{&quot;unit&quot;:&quot;px&quot;,&quot;size&quot;:&quot;&quot;,&quot;sizes&quot;:[]},&quot;image_spacing_custom_mobile&quot;:{&quot;unit&quot;:&quot;px&quot;,&quot;size&quot;:&quot;&quot;,&quot;sizes&quot;:[]}}\" data-widget_type=\"image-carousel.default\">\n\t\t\t\t<div class=\"elementor-widget-container\">\n\t\t\t\t\t\t\t<div class=\"elementor-image-carousel-wrapper swiper\" role=\"region\" aria-roledescription=\"carousel\" aria-label=\"Sponsor carousel\" dir=\"ltr\">\n\t\t\t<div class=\"elementor-image-carousel swiper-wrapper\" aria-live=\"off\">\n\t\t\t\t\t\t\t\t<div class=\"swiper-slide\" role=\"group\" aria-roledescription=\"slide\" aria-label=\"1 of 8\"><figure class=\"swiper-slide-inner\"><img decoding=\"async\" class=\"swiper-slide-image\" src=\"https:\/\/nilex.se\/wp-content\/uploads\/2025\/06\/Arbetsmiljoverket-1-2.png\" alt=\"Arbetsmilj\u00f6verket logotyp med krona och bl\u00e5-gul sk\u00f6ld bredvid svart text \u2013 svensk myndighet f\u00f6r arbetsmilj\u00f6 och s\u00e4kerhet.\" \/><\/figure><\/div><div class=\"swiper-slide\" role=\"group\" aria-roledescription=\"slide\" aria-label=\"2 of 8\"><figure class=\"swiper-slide-inner\"><img decoding=\"async\" class=\"swiper-slide-image\" src=\"https:\/\/nilex.se\/wp-content\/uploads\/2025\/06\/Fiberstaden-2-2.png\" alt=\"Fiberstaden logotyp i svart med r\u00f6d cirkel \u2013 texten \u201cfiber staden\u201d med undertitel Nordanstig\u2013Hudiksvall; stadsn\u00e4t och bredband.\" \/><\/figure><\/div><div class=\"swiper-slide\" role=\"group\" aria-roledescription=\"slide\" aria-label=\"3 of 8\"><figure class=\"swiper-slide-inner\"><img decoding=\"async\" class=\"swiper-slide-image\" src=\"https:\/\/nilex.se\/wp-content\/uploads\/2025\/07\/SGU-2.png\" alt=\"SGU \u2013 Sveriges geologiska unders\u00f6kning logotyp i bl\u00e5tt med stor versaltext; svensk myndighet f\u00f6r geologi och grundvatten.\" \/><\/figure><\/div><div class=\"swiper-slide\" role=\"group\" aria-roledescription=\"slide\" aria-label=\"4 of 8\"><figure class=\"swiper-slide-inner\"><img decoding=\"async\" class=\"swiper-slide-image\" src=\"https:\/\/nilex.se\/wp-content\/uploads\/2025\/07\/BKK.png\" alt=\"B\u00e5stads kommun logotyp \u2013 silverf\u00e4rgad vapensk\u00f6ld med r\u00f6tt segelfartyg bredvid texten B\u00c5STADS KOMMUN; officiell symbol i Sk\u00e5ne.\" \/><\/figure><\/div><div class=\"swiper-slide\" role=\"group\" aria-roledescription=\"slide\" aria-label=\"5 of 8\"><figure class=\"swiper-slide-inner\"><img decoding=\"async\" class=\"swiper-slide-image\" src=\"https:\/\/nilex.se\/wp-content\/uploads\/2025\/08\/glostrup-kommune.png\" alt=\"Glostrup kommun logotyp \u2013 r\u00f6d vapensk\u00f6ld med tre vita liljor och gul rundel bredvid texten GLOSTRUP KOMMUNE.\" \/><\/figure><\/div><div class=\"swiper-slide\" role=\"group\" aria-roledescription=\"slide\" aria-label=\"6 of 8\"><figure class=\"swiper-slide-inner\"><img decoding=\"async\" class=\"swiper-slide-image\" src=\"https:\/\/nilex.se\/wp-content\/uploads\/2025\/08\/bolignet-aarhus-1.png\" alt=\"BolignetAarhus logotyp med bl\u00e5 ikon och texten \u201cInternet man ka&#039; f\u00f6rst\u00e5\u201d \u2013 dansk internet- och bredbandsleverant\u00f6r i Aarhus.\" \/><\/figure><\/div><div class=\"swiper-slide\" role=\"group\" aria-roledescription=\"slide\" aria-label=\"7 of 8\"><figure class=\"swiper-slide-inner\"><img decoding=\"async\" class=\"swiper-slide-image\" src=\"https:\/\/nilex.se\/wp-content\/uploads\/2025\/08\/vas-kommun.png\" alt=\"V\u00e4sterviks kommun logotyp med gul segelb\u00e5t i bl\u00e5 sk\u00f6ld och svart text \u2013 officiell symbol f\u00f6r V\u00e4stervik, Sverige.\" \/><\/figure><\/div><div class=\"swiper-slide\" role=\"group\" aria-roledescription=\"slide\" aria-label=\"8 of 8\"><figure class=\"swiper-slide-inner\"><img decoding=\"async\" class=\"swiper-slide-image\" src=\"https:\/\/nilex.se\/wp-content\/uploads\/2025\/08\/Falkopings_kommun_Logo.jpg\" alt=\"Falk\u00f6pings kommun logotyp \u2013 svart versaltext med r\u00f6tt A och prickar \u00f6ver \u00d6; officiell symbol f\u00f6r kommunen i V\u00e4stra G\u00f6taland.\" \/><\/figure><\/div>\t\t\t<\/div>\n\t\t\t\t\t\t\t\n\t\t\t\t\t\t\t\t\t<\/div>\n\t\t\t\t\t\t<\/div>\n\t\t\t\t<\/div>\n\t\t\t\t<\/div>\n\t\t\t\t<\/div>\n\t\t","protected":false},"excerpt":{"rendered":"<p>Book a demo with us Discover how Nilex can simplify your everyday life with smart workflows. Swedish-speaking expert assistance and management are always included Data security with ISO27001 certification. Nilex is a Swedish provider that ensures GDPR compliance without uncertainty regarding third-country transfers. Resolve issues faster with smart kanban boards. Quickly identify bottlenecks in your [&hellip;]<\/p>\n","protected":false},"author":1,"featured_media":0,"parent":0,"menu_order":0,"comment_status":"closed","ping_status":"closed","template":"elementor_header_footer","meta":{"inline_featured_image":false,"footnotes":""},"class_list":["post-44","page","type-page","status-publish","hentry"],"yoast_head":"<!-- This site is optimized with the Yoast SEO plugin v27.5 - https:\/\/yoast.com\/product\/yoast-seo-wordpress\/ -->\n<title>Book a demo | Nilex<\/title>\n<meta name=\"description\" content=\"Book a demo with us. Swedish-speaking expert assistance and management are always included.\" \/>\n<meta name=\"robots\" content=\"index, follow, max-snippet:-1, max-image-preview:large, max-video-preview:-1\" \/>\n<link rel=\"canonical\" href=\"https:\/\/nilex.se\/en\/book-demo\/\" \/>\n<meta property=\"og:locale\" content=\"en_US\" \/>\n<meta property=\"og:type\" content=\"article\" \/>\n<meta property=\"og:title\" content=\"Book a demo | Nilex\" \/>\n<meta property=\"og:description\" content=\"Book a demo with us. Swedish-speaking expert assistance and management are always included.\" \/>\n<meta property=\"og:url\" content=\"https:\/\/nilex.se\/en\/book-demo\/\" \/>\n<meta property=\"og:site_name\" content=\"Nilex\" \/>\n<meta property=\"article:modified_time\" content=\"2026-02-12T10:08:29+00:00\" \/>\n<meta property=\"og:image\" content=\"https:\/\/nilex.se\/wp-content\/uploads\/2025\/06\/GDPR-scaled-1-1.png\" \/>\n\t<meta property=\"og:image:width\" content=\"133\" \/>\n\t<meta property=\"og:image:height\" content=\"89\" \/>\n\t<meta property=\"og:image:type\" content=\"image\/png\" \/>\n<meta name=\"twitter:card\" content=\"summary_large_image\" \/>\n<meta name=\"twitter:label1\" content=\"Est. reading time\" \/>\n\t<meta name=\"twitter:data1\" content=\"8 minutes\" \/>\n<!-- \/ Yoast SEO plugin. -->","yoast_head_json":{"title":"Book a demo | Nilex","description":"Book a demo with us. Swedish-speaking expert assistance and management are always included.","robots":{"index":"index","follow":"follow","max-snippet":"max-snippet:-1","max-image-preview":"max-image-preview:large","max-video-preview":"max-video-preview:-1"},"canonical":"https:\/\/nilex.se\/en\/book-demo\/","og_locale":"en_US","og_type":"article","og_title":"Book a demo | Nilex","og_description":"Book a demo with us. Swedish-speaking expert assistance and management are always included.","og_url":"https:\/\/nilex.se\/en\/book-demo\/","og_site_name":"Nilex","article_modified_time":"2026-02-12T10:08:29+00:00","og_image":[{"width":133,"height":89,"url":"https:\/\/nilex.se\/wp-content\/uploads\/2025\/06\/GDPR-scaled-1-1.png","type":"image\/png"}],"twitter_card":"summary_large_image","twitter_misc":{"Est. reading time":"8 minutes"},"schema":{"@context":"https:\/\/schema.org","@graph":[{"@type":"WebPage","@id":"https:\/\/nilex.se\/en\/book-demo\/","url":"https:\/\/nilex.se\/en\/book-demo\/","name":"Book a demo | Nilex","isPartOf":{"@id":"https:\/\/nilex.se\/en\/#website"},"primaryImageOfPage":{"@id":"https:\/\/nilex.se\/en\/book-demo\/#primaryimage"},"image":{"@id":"https:\/\/nilex.se\/en\/book-demo\/#primaryimage"},"thumbnailUrl":"https:\/\/nilex.se\/wp-content\/uploads\/2025\/06\/GDPR-scaled-1-1.png","datePublished":"2025-06-20T13:27:54+00:00","dateModified":"2026-02-12T10:08:29+00:00","description":"Book a demo with us. Swedish-speaking expert assistance and management are always included.","breadcrumb":{"@id":"https:\/\/nilex.se\/en\/book-demo\/#breadcrumb"},"inLanguage":"en-US","potentialAction":[{"@type":"ReadAction","target":["https:\/\/nilex.se\/en\/book-demo\/"]}]},{"@type":"ImageObject","inLanguage":"en-US","@id":"https:\/\/nilex.se\/en\/book-demo\/#primaryimage","url":"https:\/\/nilex.se\/wp-content\/uploads\/2025\/06\/GDPR-scaled-1-1.png","contentUrl":"https:\/\/nilex.se\/wp-content\/uploads\/2025\/06\/GDPR-scaled-1-1.png"},{"@type":"BreadcrumbList","@id":"https:\/\/nilex.se\/en\/book-demo\/#breadcrumb","itemListElement":[{"@type":"ListItem","position":1,"name":"Hem","item":"https:\/\/nilex.se\/en\/"},{"@type":"ListItem","position":2,"name":"Book a demo"}]},{"@type":"WebSite","@id":"https:\/\/nilex.se\/en\/#website","url":"https:\/\/nilex.se\/en\/","name":"Nilex","description":"\u00c4rendehanteringssystem som f\u00f6rvandlar din organisation med automatisk \u00e4rendeprioritering","publisher":{"@id":"https:\/\/nilex.se\/en\/#organization"},"potentialAction":[{"@type":"SearchAction","target":{"@type":"EntryPoint","urlTemplate":"https:\/\/nilex.se\/en\/?s={search_term_string}"},"query-input":{"@type":"PropertyValueSpecification","valueRequired":true,"valueName":"search_term_string"}}],"inLanguage":"en-US"},{"@type":"Organization","@id":"https:\/\/nilex.se\/en\/#organization","name":"Nilex","url":"https:\/\/nilex.se\/en\/","logo":{"@type":"ImageObject","inLanguage":"en-US","@id":"https:\/\/nilex.se\/en\/#\/schema\/logo\/image\/","url":"https:\/\/new.nilex.se\/wp-content\/uploads\/2025\/06\/logo_nilex.svg","contentUrl":"https:\/\/new.nilex.se\/wp-content\/uploads\/2025\/06\/logo_nilex.svg","width":149,"height":25,"caption":"Nilex"},"image":{"@id":"https:\/\/nilex.se\/en\/#\/schema\/logo\/image\/"}}]}},"_links":{"self":[{"href":"https:\/\/nilex.se\/en\/wp-json\/wp\/v2\/pages\/44","targetHints":{"allow":["GET"]}}],"collection":[{"href":"https:\/\/nilex.se\/en\/wp-json\/wp\/v2\/pages"}],"about":[{"href":"https:\/\/nilex.se\/en\/wp-json\/wp\/v2\/types\/page"}],"author":[{"embeddable":true,"href":"https:\/\/nilex.se\/en\/wp-json\/wp\/v2\/users\/1"}],"replies":[{"embeddable":true,"href":"https:\/\/nilex.se\/en\/wp-json\/wp\/v2\/comments?post=44"}],"version-history":[{"count":1,"href":"https:\/\/nilex.se\/en\/wp-json\/wp\/v2\/pages\/44\/revisions"}],"predecessor-version":[{"id":8993,"href":"https:\/\/nilex.se\/en\/wp-json\/wp\/v2\/pages\/44\/revisions\/8993"}],"wp:attachment":[{"href":"https:\/\/nilex.se\/en\/wp-json\/wp\/v2\/media?parent=44"}],"curies":[{"name":"wp","href":"https:\/\/api.w.org\/{rel}","templated":true}]}}